{"id":4263,"date":"2018-11-17T07:02:59","date_gmt":"2018-11-17T05:02:59","guid":{"rendered":"https:\/\/kiviranna.ee\/kupsiste-kasutamise-pohimotted\/"},"modified":"2022-03-31T17:53:28","modified_gmt":"2022-03-31T15:53:28","slug":"kupsiste-kasutamise-pohimotted","status":"publish","type":"page","link":"https:\/\/kiviranna.ee\/en\/kupsiste-kasutamise-pohimotted\/","title":{"rendered":"Cookie policy"},"content":{"rendered":"[et_pb_section fb_built=&#8221;1&#8243; _builder_version=&#8221;4.6.6&#8243; hover_enabled=&#8221;0&#8243; background_color=&#8221;#e1dfcc&#8221; custom_padding=&#8221;60px||60px||true|false&#8221; sticky_enabled=&#8221;0&#8243;][et_pb_row _builder_version=&#8221;4.6.6&#8243; background_size=&#8221;initial&#8221; background_position=&#8221;top_left&#8221; background_repeat=&#8221;repeat&#8221; hover_enabled=&#8221;0&#8243; max_width=&#8221;1100px&#8221; module_alignment=&#8221;center&#8221; sticky_enabled=&#8221;0&#8243;][et_pb_column type=&#8221;4_4&#8243; _builder_version=&#8221;3.25&#8243; custom_padding=&#8221;|||&#8221; custom_padding__hover=&#8221;|||&#8221;][et_pb_post_title _builder_version=&#8221;4.6.6&#8243; _module_preset=&#8221;default&#8221; meta=&#8221;off&#8221; featured_image=&#8221;off&#8221; title_text_color=&#8221;#801c1c&#8221; hover_enabled=&#8221;0&#8243; sticky_enabled=&#8221;0&#8243;][\/et_pb_post_title][\/et_pb_column][\/et_pb_row][\/et_pb_section][et_pb_section fb_built=&#8221;1&#8243; _builder_version=&#8221;4.6.6&#8243; hover_enabled=&#8221;0&#8243; custom_padding=&#8221;60px||60px||true|false&#8221; sticky_enabled=&#8221;0&#8243;][et_pb_row _builder_version=&#8221;4.6.6&#8243; background_size=&#8221;initial&#8221; background_position=&#8221;top_left&#8221; background_repeat=&#8221;repeat&#8221; hover_enabled=&#8221;0&#8243; max_width=&#8221;1100px&#8221; module_alignment=&#8221;center&#8221; sticky_enabled=&#8221;0&#8243;][et_pb_column type=&#8221;4_4&#8243; _builder_version=&#8221;3.25&#8243; custom_padding=&#8221;|||&#8221; custom_padding__hover=&#8221;|||&#8221;][et_pb_text _builder_version=&#8221;3.27.4&#8243;]<p>See veebileht kasutab k\u00fcpsiseid statistika kogumiseks<span data-ccp-props=\"{&quot;201341983&quot;:0,&quot;335559739&quot;:160,&quot;335559740&quot;:259}\">\u00a0<\/span> <span data-ccp-props=\"{&quot;201341983&quot;:0,&quot;335559739&quot;:160,&quot;335559740&quot;:259}\">\u00a0<\/span><\/p><p aria-level=\"2\"><b>Mis t\u00fc\u00fcpi k\u00fcpsiseid kasutame?<\/b><span data-ccp-props=\"{&quot;201341983&quot;:0,&quot;335559738&quot;:40,&quot;335559739&quot;:0,&quot;335559740&quot;:259}\">\u00a0<\/span><\/p><ul><li data-leveltext=\"\uf0b7\" data-font=\"Symbol\" data-listid=\"1\" aria-setsize=\"-1\" data-aria-posinset=\"1\" data-aria-level=\"1\">Seansik\u00fcpsiseid, mis kustutatakse automaatselt p\u00e4rast igat k\u00fclastust<span data-ccp-props=\"{&quot;134233117&quot;:true,&quot;134233118&quot;:true,&quot;201341983&quot;:0,&quot;335559739&quot;:160,&quot;335559740&quot;:240,&quot;335559991&quot;:432}\">\u00a0<\/span><\/li><li data-leveltext=\"\uf0b7\" data-font=\"Symbol\" data-listid=\"1\" aria-setsize=\"-1\" data-aria-posinset=\"2\" data-aria-level=\"1\">Kolmandate osapoolte k\u00fcpsiseid, mis koguvad statistikat veebilehe kasutuse kohta<span data-ccp-props=\"{&quot;134233117&quot;:true,&quot;201341983&quot;:0,&quot;335559739&quot;:160,&quot;335559740&quot;:240,&quot;335559991&quot;:432}\">\u00a0<\/span><\/li><\/ul><p aria-level=\"2\"><b>Milleks me kasutame k\u00fcpsiseid ja millist teavet me kogume?<\/b><span data-ccp-props=\"{&quot;201341983&quot;:0,&quot;335559738&quot;:40,&quot;335559739&quot;:0,&quot;335559740&quot;:259}\">\u00a0<\/span><\/p><p>K\u00fcpsised aitavad meil koguda statistilisi andmeid ja kuvada suunatud reklaame.<span data-ccp-props=\"{&quot;134233117&quot;:true,&quot;134233118&quot;:true,&quot;201341983&quot;:0,&quot;335559740&quot;:240}\">\u00a0<\/span><\/p><p aria-level=\"2\"><b>Kas k\u00fcpsiste kasutamist saab keelata?<\/b><span data-ccp-props=\"{&quot;201341983&quot;:0,&quot;335559738&quot;:40,&quot;335559739&quot;:0,&quot;335559740&quot;:259}\">\u00a0<\/span><\/p><p>Jah,\u00a0veebilehitsejal\u00a0on v\u00f5imalik keelata k\u00fcpsiste kasutamine. K\u00fcpsiste kohta saate rohkem teavet veebilehelt:\u202f<a href=\"http:\/\/www.allaboutcookies.org\/\">http:\/\/www.allaboutcookies.org\/<\/a>\u202fv\u00f5i\u202f<a href=\"http:\/\/www.youronlinechoices.com\/ee\">http:\/\/www.youronlinechoices.com\/ee<\/a>.<span data-ccp-props=\"{&quot;134233117&quot;:true,&quot;134233118&quot;:true,&quot;201341983&quot;:0,&quot;335559740&quot;:240}\">\u00a0<\/span> Vaata ka\u202f<a href=\"http:\/\/eur-lex.europa.eu\/LexUriServ\/LexUriServ.do?uri=CELEX:32002L0058:ET:NOT\">Euroopa Liidu e-privaatsuse m\u00e4\u00e4rust<\/a>.<span data-ccp-props=\"{&quot;134233117&quot;:true,&quot;134233118&quot;:true,&quot;201341983&quot;:0,&quot;335559740&quot;:240}\">\u00a0<\/span><\/p>\r[\/et_pb_text][\/et_pb_column][\/et_pb_row][\/et_pb_section]","protected":false},"excerpt":{"rendered":"<p>See veebileht kasutab k\u00fcpsiseid statistika kogumiseks\u00a0 \u00a0Mis t\u00fc\u00fcpi k\u00fcpsiseid kasutame?\u00a0Seansik\u00fcpsiseid, mis kustutatakse automaatselt p\u00e4rast igat k\u00fclastust\u00a0Kolmandate osapoolte k\u00fcpsiseid, mis koguvad statistikat veebilehe kasutuse kohta\u00a0Milleks me kasutame k\u00fcpsiseid ja millist teavet me kogume?\u00a0K\u00fcpsised aitavad meil koguda statistilisi andmeid ja kuvada suunatud reklaame.\u00a0Kas k\u00fcpsiste kasutamist saab keelata?\u00a0Jah,\u00a0veebilehitsejal\u00a0on v\u00f5imalik keelata k\u00fcpsiste kasutamine. K\u00fcpsiste kohta saate rohkem teavet veebilehelt:\u202fhttp:\/\/www.allaboutcookies.org\/\u202fv\u00f5i\u202fhttp:\/\/www.youronlinechoices.com\/ee.\u00a0 [&hellip;]<\/p>\n","protected":false},"author":2,"featured_media":0,"parent":0,"menu_order":0,"comment_status":"closed","ping_status":"closed","template":"","meta":{"_et_pb_use_builder":"on","_et_pb_old_content":"<p>See veebileht kasutab k\u00fcpsiseid statistika kogumiseks<span data-ccp-props=\"{&quot;201341983&quot;:0,&quot;335559739&quot;:160,&quot;335559740&quot;:259}\">\u00a0<\/span><\/p><p><span data-ccp-props=\"{&quot;201341983&quot;:0,&quot;335559739&quot;:160,&quot;335559740&quot;:259}\">\u00a0<\/span><\/p><p aria-level=\"2\"><b>Mis t\u00fc\u00fcpi k\u00fcpsiseid kasutame?<\/b><span data-ccp-props=\"{&quot;201341983&quot;:0,&quot;335559738&quot;:40,&quot;335559739&quot;:0,&quot;335559740&quot;:259}\">\u00a0<\/span><\/p><ul><li data-leveltext=\"\uf0b7\" data-font=\"Symbol\" data-listid=\"1\" aria-setsize=\"-1\" data-aria-posinset=\"1\" data-aria-level=\"1\">Seansik\u00fcpsiseid, mis kustutatakse automaatselt p\u00e4rast igat k\u00fclastust<span data-ccp-props=\"{&quot;134233117&quot;:true,&quot;134233118&quot;:true,&quot;201341983&quot;:0,&quot;335559739&quot;:160,&quot;335559740&quot;:240,&quot;335559991&quot;:432}\">\u00a0<\/span><\/li><li data-leveltext=\"\uf0b7\" data-font=\"Symbol\" data-listid=\"1\" aria-setsize=\"-1\" data-aria-posinset=\"2\" data-aria-level=\"1\">Kolmandate osapoolte k\u00fcpsiseid, mis koguvad statistikat veebilehe kasutuse kohta<span data-ccp-props=\"{&quot;134233117&quot;:true,&quot;201341983&quot;:0,&quot;335559739&quot;:160,&quot;335559740&quot;:240,&quot;335559991&quot;:432}\">\u00a0<\/span><\/li><\/ul><p aria-level=\"2\"><b>Milleks me kasutame k\u00fcpsiseid ja millist teavet me kogume?<\/b><span data-ccp-props=\"{&quot;201341983&quot;:0,&quot;335559738&quot;:40,&quot;335559739&quot;:0,&quot;335559740&quot;:259}\">\u00a0<\/span><\/p><p>K\u00fcpsised aitavad meil koguda statistilisi andmeid ja kuvada suunatud reklaame.<span data-ccp-props=\"{&quot;134233117&quot;:true,&quot;134233118&quot;:true,&quot;201341983&quot;:0,&quot;335559740&quot;:240}\">\u00a0<\/span><\/p><p aria-level=\"2\"><b>Kas k\u00fcpsiste kasutamist saab keelata?<\/b><span data-ccp-props=\"{&quot;201341983&quot;:0,&quot;335559738&quot;:40,&quot;335559739&quot;:0,&quot;335559740&quot;:259}\">\u00a0<\/span><\/p><p>Jah,\u00a0veebilehitsejal\u00a0on v\u00f5imalik keelata k\u00fcpsiste kasutamine. K\u00fcpsiste kohta saate rohkem teavet veebilehelt:\u202f<a href=\"http:\/\/www.allaboutcookies.org\/\">http:\/\/www.allaboutcookies.org\/<\/a>\u202fv\u00f5i\u202f<a href=\"http:\/\/www.youronlinechoices.com\/ee\">http:\/\/www.youronlinechoices.com\/ee<\/a>.<span data-ccp-props=\"{&quot;134233117&quot;:true,&quot;134233118&quot;:true,&quot;201341983&quot;:0,&quot;335559740&quot;:240}\">\u00a0<\/span><\/p><p>Vaata ka\u202f<a href=\"http:\/\/eur-lex.europa.eu\/LexUriServ\/LexUriServ.do?uri=CELEX:32002L0058:ET:NOT\">Euroopa Liidu e-privaatsuse m\u00e4\u00e4rust<\/a>.<span data-ccp-props=\"{&quot;134233117&quot;:true,&quot;134233118&quot;:true,&quot;201341983&quot;:0,&quot;335559740&quot;:240}\">\u00a0<\/span><\/p>","_et_gb_content_width":"","om_disable_all_campaigns":false,"_monsterinsights_skip_tracking":false,"_monsterinsights_sitenote_active":false,"_monsterinsights_sitenote_note":"","_monsterinsights_sitenote_category":0,"footnotes":""},"class_list":["post-4263","page","type-page","status-publish","hentry"],"aioseo_notices":[],"publishpress_future_action":{"enabled":false,"date":"2026-04-22 10:59:50","action":"change-status","newStatus":"draft","terms":[],"taxonomy":"translation_priority","extraData":[]},"publishpress_future_workflow_manual_trigger":{"enabledWorkflows":[]},"_links":{"self":[{"href":"https:\/\/kiviranna.ee\/en\/wp-json\/wp\/v2\/pages\/4263","targetHints":{"allow":["GET"]}}],"collection":[{"href":"https:\/\/kiviranna.ee\/en\/wp-json\/wp\/v2\/pages"}],"about":[{"href":"https:\/\/kiviranna.ee\/en\/wp-json\/wp\/v2\/types\/page"}],"author":[{"embeddable":true,"href":"https:\/\/kiviranna.ee\/en\/wp-json\/wp\/v2\/users\/2"}],"replies":[{"embeddable":true,"href":"https:\/\/kiviranna.ee\/en\/wp-json\/wp\/v2\/comments?post=4263"}],"version-history":[{"count":1,"href":"https:\/\/kiviranna.ee\/en\/wp-json\/wp\/v2\/pages\/4263\/revisions"}],"predecessor-version":[{"id":4264,"href":"https:\/\/kiviranna.ee\/en\/wp-json\/wp\/v2\/pages\/4263\/revisions\/4264"}],"wp:attachment":[{"href":"https:\/\/kiviranna.ee\/en\/wp-json\/wp\/v2\/media?parent=4263"}],"curies":[{"name":"wp","href":"https:\/\/api.w.org\/{rel}","templated":true}]}}