{"id":348,"date":"2012-09-12T11:27:26","date_gmt":"2012-09-12T11:27:26","guid":{"rendered":"http:\/\/kiviranna.ee\/camping-and-caravans\/"},"modified":"2024-08-05T10:20:17","modified_gmt":"2024-08-05T08:20:17","slug":"camping-and-caravans","status":"publish","type":"page","link":"https:\/\/kiviranna.ee\/en\/camping-and-caravans\/","title":{"rendered":"Camping and caravans"},"content":{"rendered":"<p>[et_pb_section fb_built=&#8221;1&#8243; admin_label=&#8221;section&#8221; _builder_version=&#8221;4.16&#8243; background_color=&#8221;#e1dfcc&#8221; background_image=&#8221;https:\/\/kiviranna.ee\/wp-content\/uploads\/2020\/11\/bg-taim-2.png&#8221; background_size=&#8221;initial&#8221; background_position=&#8221;bottom_right&#8221; custom_padding=&#8221;60px||60px||true|false&#8221; global_colors_info=&#8221;{}&#8221;][et_pb_row admin_label=&#8221;row&#8221; _builder_version=&#8221;4.16&#8243; background_size=&#8221;initial&#8221; background_position=&#8221;top_left&#8221; background_repeat=&#8221;repeat&#8221; max_width=&#8221;1100px&#8221; module_alignment=&#8221;center&#8221; global_colors_info=&#8221;{}&#8221;][et_pb_column type=&#8221;4_4&#8243; _builder_version=&#8221;4.16&#8243; custom_padding=&#8221;|||&#8221; global_colors_info=&#8221;{}&#8221; custom_padding__hover=&#8221;|||&#8221;][et_pb_post_title meta=&#8221;off&#8221; featured_image=&#8221;off&#8221; module_class=&#8221;pealkiri_&#8221; _builder_version=&#8221;4.16&#8243; title_text_color=&#8221;#801c1c&#8221; background_color=&#8221;rgba(255,255,255,0)&#8221; parallax=&#8221;on&#8221; custom_margin=&#8221;||30px||false|false&#8221; parallax_effect=&#8221;on&#8221; module_bg_color=&#8221;rgba(255,255,255,0)&#8221; use_border_color=&#8221;off&#8221; border_color=&#8221;#ffffff&#8221; border_style=&#8221;solid&#8221; global_colors_info=&#8221;{}&#8221;]<br \/>\n[\/et_pb_post_title][\/et_pb_column][\/et_pb_row][et_pb_row column_structure=&#8221;1_2,1_2&#8243; admin_label=&#8221;row&#8221; _builder_version=&#8221;4.16&#8243; background_size=&#8221;initial&#8221; background_position=&#8221;top_left&#8221; background_repeat=&#8221;repeat&#8221; max_width=&#8221;1100px&#8221; module_alignment=&#8221;center&#8221; global_colors_info=&#8221;{}&#8221;][et_pb_column type=&#8221;1_2&#8243; _builder_version=&#8221;4.16&#8243; custom_padding=&#8221;|||&#8221; global_colors_info=&#8221;{}&#8221; custom_padding__hover=&#8221;|||&#8221;][et_pb_text _builder_version=&#8221;4.17.4&#8243; background_size=&#8221;initial&#8221; background_position=&#8221;top_left&#8221; background_repeat=&#8221;repeat&#8221; hover_enabled=&#8221;0&#8243; use_border_color=&#8221;off&#8221; border_color=&#8221;#ffffff&#8221; border_style=&#8221;solid&#8221; global_colors_info=&#8221;{}&#8221; sticky_enabled=&#8221;0&#8243;]<\/p>\n<p>Kiviranna cottage owns 2 ha size territory at the shore of the lake, which provides an excellent opportunities for <strong>camping and caravans<\/strong> and leaves open the possibility to keep track on nature.<\/p>\n<p>Prices: 12 EUR per camper and 20 EUR per caravan+5 EUR per person. Prices include camping place, tools for grilling, WC and shower and electricity for caravans. In addition, there is an outdoor kitchen in the territory which has gas stove, fridge and washbasin.<\/p>\n<h2><a href=\"https:\/\/kiviranna.ee\/wp-content\/uploads\/2012\/09\/EK_logo_uus1.jpg\"><img loading=\"lazy\" decoding=\"async\" class=\"alignleft size-thumbnail wp-image-905\" title=\"EK_logo_uus\" src=\"https:\/\/kiviranna.ee\/wp-content\/uploads\/2012\/09\/EK_logo_uus1-150x150.jpg\" alt=\"\" width=\"150\" height=\"150\" style=\"float: right;\" srcset=\"https:\/\/kiviranna.ee\/wp-content\/uploads\/2012\/09\/EK_logo_uus1-150x150.jpg 150w, https:\/\/kiviranna.ee\/wp-content\/uploads\/2012\/09\/EK_logo_uus1-100x100.jpg 100w, https:\/\/kiviranna.ee\/wp-content\/uploads\/2012\/09\/EK_logo_uus1-50x50.jpg 50w\" sizes=\"auto, (max-width: 150px) 100vw, 150px\" \/><\/a><\/h2>\n<p>We have also entered into agreement with the <a href=\"https:\/\/www.eestikaravan.ee\/\" target=\"_blank\" rel=\"noopener noreferrer\">Estonian Caravanners Club<\/a> and the discount of 10% is offered to the members of the Club.<\/p>\n<p>Possibility to play disc-golf\u00a0which is offered\u00a0free of charge for all Kiviranna Holiday Home booked visitors.<\/p>\n<p>Welcome!<\/p>\n<p>[\/et_pb_text][\/et_pb_column][et_pb_column type=&#8221;1_2&#8243; _builder_version=&#8221;4.16&#8243; custom_padding=&#8221;|||&#8221; global_colors_info=&#8221;{}&#8221; custom_padding__hover=&#8221;|||&#8221;][et_pb_image src=&#8221;https:\/\/kiviranna.ee\/wp-content\/uploads\/2012\/09\/IMG_9656v.jpg&#8221; title_text=&#8221;IMG_9656v&#8221; _builder_version=&#8221;4.16&#8243; _module_preset=&#8221;default&#8221; global_colors_info=&#8221;{}&#8221;][\/et_pb_image][\/et_pb_column][\/et_pb_row][\/et_pb_section][et_pb_section fb_built=&#8221;1&#8243; admin_label=&#8221;section&#8221; _builder_version=&#8221;4.16&#8243; custom_padding=&#8221;60px||60px||true|false&#8221; global_colors_info=&#8221;{}&#8221;][et_pb_row admin_label=&#8221;row&#8221; _builder_version=&#8221;4.16&#8243; background_size=&#8221;initial&#8221; background_position=&#8221;top_left&#8221; background_repeat=&#8221;repeat&#8221; max_width=&#8221;1100px&#8221; module_alignment=&#8221;center&#8221; global_colors_info=&#8221;{}&#8221;][et_pb_column type=&#8221;4_4&#8243; _builder_version=&#8221;4.16&#8243; custom_padding=&#8221;|||&#8221; global_colors_info=&#8221;{}&#8221; custom_padding__hover=&#8221;|||&#8221;][et_pb_gallery gallery_ids=&#8221;2513,2497,2493,2477,1934,1938,1936,1924,1926,1922,1918,2481&#8243; posts_number=&#8221;24&#8243; show_title_and_caption=&#8221;off&#8221; show_pagination=&#8221;off&#8221; _builder_version=&#8221;4.16&#8243; _module_preset=&#8221;default&#8221; global_colors_info=&#8221;{}&#8221;][\/et_pb_gallery][\/et_pb_column][\/et_pb_row][\/et_pb_section]<\/p>\n","protected":false},"excerpt":{"rendered":"<p>Kiviranna cottage owns 2 ha size territory at the shore of the lake, which provides an excellent opportunities for camping and caravans and leaves open the possibility to keep track on nature. Prices: 12 EUR per camper and 20 EUR per caravan+5 EUR per person. Prices include camping place, tools for grilling, WC and shower [&hellip;]<\/p>\n","protected":false},"author":2,"featured_media":185,"parent":0,"menu_order":0,"comment_status":"open","ping_status":"open","template":"","meta":{"_et_pb_use_builder":"on","_et_pb_old_content":"<strong>Hea k\u00fclastaja!<\/strong> Kiviranna puhkemaja 2 ha suurusel territooriumil on suurep\u00e4rased v\u00f5imalused matkajatele telkimiseks ja\/v\u00f5i haagissuvilaga liiklejatele vahepeatuseks. <a href=\"http:\/\/kiviranna.ee\/wp-content\/uploads\/2014\/05\/CAM00142.jpg\"><span style=\"color: #333333;\">Hinnad: Telkijatele 5\u00a0EUR\u00a0inimene, karavanikoht 15 EU<\/span><\/a><a href=\"http:\/\/kiviranna.ee\/wp-content\/uploads\/2014\/05\/CAM00142.jpg\"><span style=\"color: #333333;\">R<\/span><\/a> Hinna sees on l\u00f5kkeplats puudega, grill, kuivk\u00e4imla, lisaks elekter karavanidele. Telkijatel on v\u00f5imalik kasutada v\u00e4lik\u00f6\u00f6ki. V\u00e4lik\u00f6\u00f6gis on gaasipliit, puupliit, suitsuahi, k\u00fclmkapp, veega valamu. Oleme s\u00f5lminud koost\u00f6\u00f6lepingu <a href=\"http:\/\/www.eestikaravan.eu\/index.php?lang=et\" target=\"_blank\">Klubiga Eesti Karavan.<\/a> <a href=\"http:\/\/kiviranna.ee\/wp-content\/uploads\/2012\/09\/EK_logo_uus.jpg\"><img class=\"alignleft size-full wp-image-901\" title=\"Klubi Eesti Karavan\" src=\"http:\/\/kiviranna.ee\/wp-content\/uploads\/2012\/09\/EK_logo_uus.jpg\" alt=\"\" width=\"182\" height=\"188\" \/><\/a> \u00a0 Klubi liikmed saavad liikmekaardi etten\u00e4itamisel 20% soodustust karavanidele ning 10% soodustust puhkemajale ja apartamendile. Puhkajate kasutada on tasuta WiFi. Disc-golfi raja kasutus on Kivirannal\u00a0telkijatele ja puhkemaja reserveerinud k\u00fclastajatele tasuta. Omaette olemine otse j\u00e4rve kaldal j\u00e4tab kustumatu elamuse. Tere tulemast! <a href=\"http:\/\/kiviranna.ee\/wp-content\/uploads\/2012\/09\/MG_8032.jpg\"><img class=\"alignleft size-thumbnail wp-image-672\" title=\"Disc-golf\" src=\"http:\/\/kiviranna.ee\/wp-content\/uploads\/2012\/09\/MG_8032-150x150.jpg\" alt=\"Disc-golfi rada\" width=\"150\" height=\"150\" \/><\/a>","_et_gb_content_width":"","om_disable_all_campaigns":false,"_monsterinsights_skip_tracking":false,"_monsterinsights_sitenote_active":false,"_monsterinsights_sitenote_note":"","_monsterinsights_sitenote_category":0,"footnotes":""},"class_list":["post-348","page","type-page","status-publish","has-post-thumbnail","hentry"],"aioseo_notices":[],"publishpress_future_action":{"enabled":false,"date":"2026-04-30 16:02:18","action":"change-status","newStatus":"draft","terms":[],"taxonomy":"translation_priority","extraData":[]},"publishpress_future_workflow_manual_trigger":{"enabledWorkflows":[]},"_links":{"self":[{"href":"https:\/\/kiviranna.ee\/en\/wp-json\/wp\/v2\/pages\/348","targetHints":{"allow":["GET"]}}],"collection":[{"href":"https:\/\/kiviranna.ee\/en\/wp-json\/wp\/v2\/pages"}],"about":[{"href":"https:\/\/kiviranna.ee\/en\/wp-json\/wp\/v2\/types\/page"}],"author":[{"embeddable":true,"href":"https:\/\/kiviranna.ee\/en\/wp-json\/wp\/v2\/users\/2"}],"replies":[{"embeddable":true,"href":"https:\/\/kiviranna.ee\/en\/wp-json\/wp\/v2\/comments?post=348"}],"version-history":[{"count":5,"href":"https:\/\/kiviranna.ee\/en\/wp-json\/wp\/v2\/pages\/348\/revisions"}],"predecessor-version":[{"id":11576,"href":"https:\/\/kiviranna.ee\/en\/wp-json\/wp\/v2\/pages\/348\/revisions\/11576"}],"wp:featuredmedia":[{"embeddable":true,"href":"https:\/\/kiviranna.ee\/en\/wp-json\/wp\/v2\/media\/185"}],"wp:attachment":[{"href":"https:\/\/kiviranna.ee\/en\/wp-json\/wp\/v2\/media?parent=348"}],"curies":[{"name":"wp","href":"https:\/\/api.w.org\/{rel}","templated":true}]}}