{"id":346,"date":"2012-09-12T11:26:02","date_gmt":"2012-09-12T11:26:02","guid":{"rendered":"http:\/\/kiviranna.ee\/guided-nature-tours\/"},"modified":"2020-11-16T19:14:13","modified_gmt":"2020-11-16T17:14:13","slug":"guided-nature-tours","status":"publish","type":"page","link":"https:\/\/kiviranna.ee\/en\/guided-nature-tours\/","title":{"rendered":"Guided nature tours"},"content":{"rendered":"<p>[et_pb_section fb_built=&#8221;1&#8243; admin_label=&#8221;section&#8221; _builder_version=&#8221;4.6.6&#8243; background_color=&#8221;#e1dfcc&#8221; background_image=&#8221;https:\/\/kiviranna.ee\/wp-content\/uploads\/2020\/11\/bg-fishing.png&#8221; background_size=&#8221;initial&#8221; background_position=&#8221;bottom_right&#8221; custom_padding=&#8221;60px||60px||true|false&#8221;][et_pb_row admin_label=&#8221;row&#8221; _builder_version=&#8221;4.6.6&#8243; background_size=&#8221;initial&#8221; background_position=&#8221;top_left&#8221; background_repeat=&#8221;repeat&#8221; max_width=&#8221;1100px&#8221; module_alignment=&#8221;center&#8221;][et_pb_column type=&#8221;4_4&#8243; _builder_version=&#8221;3.25&#8243; custom_padding=&#8221;|||&#8221; custom_padding__hover=&#8221;|||&#8221;][et_pb_post_title meta=&#8221;off&#8221; featured_image=&#8221;off&#8221; module_class=&#8221;pealkiri_&#8221; _builder_version=&#8221;4.6.6&#8243; title_text_color=&#8221;#801c1c&#8221; background_color=&#8221;rgba(255,255,255,0)&#8221; parallax=&#8221;on&#8221; custom_margin=&#8221;||30px||false|false&#8221; parallax_effect=&#8221;on&#8221; module_bg_color=&#8221;rgba(255,255,255,0)&#8221; use_border_color=&#8221;off&#8221; border_color=&#8221;#ffffff&#8221; border_style=&#8221;solid&#8221;]<br \/>\n[\/et_pb_post_title][\/et_pb_column][\/et_pb_row][et_pb_row column_structure=&#8221;3_5,2_5&#8243; admin_label=&#8221;row&#8221; _builder_version=&#8221;4.6.6&#8243; background_size=&#8221;initial&#8221; background_position=&#8221;top_left&#8221; background_repeat=&#8221;repeat&#8221; max_width=&#8221;1100px&#8221; module_alignment=&#8221;center&#8221;][et_pb_column type=&#8221;3_5&#8243; _builder_version=&#8221;3.25&#8243; custom_padding=&#8221;|||&#8221; custom_padding__hover=&#8221;|||&#8221;][et_pb_text _builder_version=&#8221;4.6.6&#8243; background_size=&#8221;initial&#8221; background_position=&#8221;top_left&#8221; background_repeat=&#8221;repeat&#8221; hover_enabled=&#8221;0&#8243; sticky_enabled=&#8221;0&#8243;]<\/p>\n<p><strong>Dear nature lover!<\/strong><\/p>\n<p>Kiviranna Ltd. offers guided tours in cooperation\u00a0with different service providers. We provide different tours for game lovers as well as for serious nature lovers. Our tours vary from GPS games in nature\u00a0or photo hunts up to riding or cycling tours and water tours.<\/p>\n<p>Please contact: kiviranna@kiviranna.ee\u00a0\u00a0or call\u00a0 +3725298561 and\u00a0we can \u00a0put together packages for You according to Your wishes.<\/p>\n<p>&nbsp;<\/p>\n<p>Welcome!<\/p>\n<p>[\/et_pb_text][\/et_pb_column][et_pb_column type=&#8221;2_5&#8243; _builder_version=&#8221;3.25&#8243; custom_padding=&#8221;|||&#8221; custom_padding__hover=&#8221;|||&#8221;][et_pb_image src=&#8221;https:\/\/kiviranna.ee\/wp-content\/uploads\/2020\/11\/hobused.jpg&#8221; _builder_version=&#8221;4.6.6&#8243; _module_preset=&#8221;default&#8221; title_text=&#8221;hobused&#8221; hover_enabled=&#8221;0&#8243; sticky_enabled=&#8221;0&#8243;][\/et_pb_image][\/et_pb_column][\/et_pb_row][\/et_pb_section][et_pb_section fb_built=&#8221;1&#8243; admin_label=&#8221;section&#8221; _builder_version=&#8221;4.6.6&#8243; custom_padding=&#8221;60px||60px||true|false&#8221;][et_pb_row admin_label=&#8221;row&#8221; _builder_version=&#8221;4.6.6&#8243; background_size=&#8221;initial&#8221; background_position=&#8221;top_left&#8221; background_repeat=&#8221;repeat&#8221; max_width=&#8221;1100px&#8221; module_alignment=&#8221;center&#8221;][et_pb_column type=&#8221;4_4&#8243; _builder_version=&#8221;3.25&#8243; custom_padding=&#8221;|||&#8221; custom_padding__hover=&#8221;|||&#8221;][et_pb_gallery gallery_ids=&#8221;2483,2481,2467,2465,2323,1945,1204,2463&#8243; posts_number=&#8221;8&#8243; show_title_and_caption=&#8221;off&#8221; show_pagination=&#8221;off&#8221; _builder_version=&#8221;4.6.6&#8243; _module_preset=&#8221;default&#8221;][\/et_pb_gallery][\/et_pb_column][\/et_pb_row][\/et_pb_section]<\/p>\n","protected":false},"excerpt":{"rendered":"<p>Dear nature lover! Kiviranna Ltd. offers guided tours in cooperation\u00a0with different service providers. We provide different tours for game lovers as well as for serious nature lovers. Our tours vary from GPS games in nature\u00a0or photo hunts up to riding or cycling tours and water tours. Please contact: kiviranna@kiviranna.ee\u00a0\u00a0or call\u00a0 +3725298561 and\u00a0we can \u00a0put together [&hellip;]<\/p>\n","protected":false},"author":2,"featured_media":317,"parent":0,"menu_order":0,"comment_status":"open","ping_status":"open","template":"","meta":{"_et_pb_use_builder":"on","_et_pb_old_content":"<strong>Hea k\u00fclastaja!<\/strong>\r\n\r\nLoodusretki koos giidiga v\u00f5i matkajuhiga pakume koost\u00f6\u00f6s erinevate teenuspakkujatega. Pakume v\u00f5imalusi nii m\u00e4nguhuvilistele kui t\u00f5simeelsetele loodusnautlejatele. Meie retkede seast\u00a0v\u00f5ib\u00a0valida n\u00e4iteks gepsimism\u00e4nge ja fotojahte, ratsutamist v\u00f5i linnuvaatlust, rattamatka \u00fcmber V\u00f5rtsj\u00e4rve\u00a0v\u00f5i veematku j\u00f5gedel.\r\n\r\nVali ise sobilik\u00a0 <a href=\"http:\/\/kiviranna.ee\/wp-content\/uploads\/2012\/09\/Kataloog_2017_Kiviranna_atraktsioonid.pdf\">atraktsioon<\/a>\u00a0v\u00f5i <a href=\"http:\/\/kiviranna.ee\/wp-content\/uploads\/2012\/09\/Kataloog_2017_Kiviranna_mangud.pdf\">seiklusm\u00e4ng<\/a> lisatud kataloogidest.\r\n\r\n<a title=\"Kalam\u00e4ng\" href=\"http:\/\/www.kalateave.ee\/et\/uudised\/2442-kalamang-android-susteemiga-nutitelefonidele-ja-tahvelarvutitele\" target=\"_blank\">Kalam\u00e4ng nutitelefonidele ja tahvelarvutitele<\/a>\r\n\r\nV\u00f5ta \u00fchendust <span style=\"text-decoration: underline;\">kiviranna<\/span><a href=\"mailto:jaanika@vortsjarv.ee\">@kiviranna.ee<\/a> v\u00f5i helista \u00a0+3725298561 ning paneme kokku paketi vastavalt\u00a0sinu soovidele.\r\n\r\nTere tulemast!\r\n\r\n<a href=\"http:\/\/kiviranna.ee\/wp-content\/uploads\/2012\/09\/Vesiroos+lind.jpg\"><img class=\"alignleft size-medium wp-image-680\" title=\"Vesiroos+lind\" src=\"http:\/\/kiviranna.ee\/wp-content\/uploads\/2012\/09\/Vesiroos+lind-300x195.jpg\" alt=\"Linnuvaatlus\" width=\"300\" height=\"195\" \/><\/a>","_et_gb_content_width":"","om_disable_all_campaigns":false,"_monsterinsights_skip_tracking":false,"_monsterinsights_sitenote_active":false,"_monsterinsights_sitenote_note":"","_monsterinsights_sitenote_category":0,"footnotes":""},"class_list":["post-346","page","type-page","status-publish","has-post-thumbnail","hentry"],"aioseo_notices":[],"publishpress_future_action":{"enabled":false,"date":"2026-04-17 23:22:21","action":"change-status","newStatus":"draft","terms":[],"taxonomy":"translation_priority","extraData":[]},"publishpress_future_workflow_manual_trigger":{"enabledWorkflows":[]},"_links":{"self":[{"href":"https:\/\/kiviranna.ee\/en\/wp-json\/wp\/v2\/pages\/346","targetHints":{"allow":["GET"]}}],"collection":[{"href":"https:\/\/kiviranna.ee\/en\/wp-json\/wp\/v2\/pages"}],"about":[{"href":"https:\/\/kiviranna.ee\/en\/wp-json\/wp\/v2\/types\/page"}],"author":[{"embeddable":true,"href":"https:\/\/kiviranna.ee\/en\/wp-json\/wp\/v2\/users\/2"}],"replies":[{"embeddable":true,"href":"https:\/\/kiviranna.ee\/en\/wp-json\/wp\/v2\/comments?post=346"}],"version-history":[{"count":5,"href":"https:\/\/kiviranna.ee\/en\/wp-json\/wp\/v2\/pages\/346\/revisions"}],"predecessor-version":[{"id":3404,"href":"https:\/\/kiviranna.ee\/en\/wp-json\/wp\/v2\/pages\/346\/revisions\/3404"}],"wp:featuredmedia":[{"embeddable":true,"href":"https:\/\/kiviranna.ee\/en\/wp-json\/wp\/v2\/media\/317"}],"wp:attachment":[{"href":"https:\/\/kiviranna.ee\/en\/wp-json\/wp\/v2\/media?parent=346"}],"curies":[{"name":"wp","href":"https:\/\/api.w.org\/{rel}","templated":true}]}}