{"id":344,"date":"2012-09-12T11:24:59","date_gmt":"2012-09-12T11:24:59","guid":{"rendered":"http:\/\/kiviranna.ee\/sailing-trips-canoe-and-boat-trips\/"},"modified":"2024-08-05T10:35:41","modified_gmt":"2024-08-05T08:35:41","slug":"sailing-trips-canoe-and-boat-trips","status":"publish","type":"page","link":"https:\/\/kiviranna.ee\/en\/sailing-trips-canoe-and-boat-trips\/","title":{"rendered":"Sailing trips, canoe and boat trips"},"content":{"rendered":"<p>[et_pb_section fb_built=&#8221;1&#8243; admin_label=&#8221;section&#8221; _builder_version=&#8221;4.16&#8243; background_color=&#8221;#e1dfcc&#8221; background_image=&#8221;https:\/\/kiviranna.ee\/wp-content\/uploads\/2020\/11\/bg-taim-2.png&#8221; background_size=&#8221;initial&#8221; background_position=&#8221;bottom_right&#8221; custom_padding=&#8221;60px||60px||true|false&#8221; global_colors_info=&#8221;{}&#8221;][et_pb_row admin_label=&#8221;row&#8221; _builder_version=&#8221;4.16&#8243; background_size=&#8221;initial&#8221; background_position=&#8221;top_left&#8221; background_repeat=&#8221;repeat&#8221; max_width=&#8221;1100px&#8221; module_alignment=&#8221;center&#8221; global_colors_info=&#8221;{}&#8221;][et_pb_column type=&#8221;4_4&#8243; _builder_version=&#8221;4.16&#8243; custom_padding=&#8221;|||&#8221; global_colors_info=&#8221;{}&#8221; custom_padding__hover=&#8221;|||&#8221;][et_pb_post_title meta=&#8221;off&#8221; featured_image=&#8221;off&#8221; module_class=&#8221;pealkiri_&#8221; _builder_version=&#8221;4.16&#8243; title_text_color=&#8221;#801c1c&#8221; background_color=&#8221;rgba(255,255,255,0)&#8221; parallax=&#8221;on&#8221; custom_padding=&#8221;||30px||false|false&#8221; parallax_effect=&#8221;on&#8221; module_bg_color=&#8221;rgba(255,255,255,0)&#8221; use_border_color=&#8221;off&#8221; border_color=&#8221;#ffffff&#8221; border_style=&#8221;solid&#8221; global_colors_info=&#8221;{}&#8221;]<br \/>\n[\/et_pb_post_title][\/et_pb_column][\/et_pb_row][et_pb_row column_structure=&#8221;1_2,1_2&#8243; admin_label=&#8221;row&#8221; _builder_version=&#8221;4.16&#8243; background_size=&#8221;initial&#8221; background_position=&#8221;top_left&#8221; background_repeat=&#8221;repeat&#8221; max_width=&#8221;1100px&#8221; module_alignment=&#8221;center&#8221; global_colors_info=&#8221;{}&#8221;][et_pb_column type=&#8221;1_2&#8243; _builder_version=&#8221;4.16&#8243; custom_padding=&#8221;|||&#8221; global_colors_info=&#8221;{}&#8221; custom_padding__hover=&#8221;|||&#8221;][et_pb_text _builder_version=&#8221;4.16&#8243; background_size=&#8221;initial&#8221; background_position=&#8221;top_left&#8221; background_repeat=&#8221;repeat&#8221; use_border_color=&#8221;off&#8221; border_color=&#8221;#ffffff&#8221; border_style=&#8221;solid&#8221; global_colors_info=&#8221;{}&#8221;]<\/p>\n<p><strong>Traditional sailing boat &#8220;kale&#8221;<\/strong><\/p>\n<p>175 EUR per hour + VAT, takes 12 people on board.<\/p>\n<p>Tour includes an overview of the traditional boat and its history.<\/p>\n<p>Extra fees for guide, catering (for example eel soup or other fish food) or\u00a0transport from and to Your accommodation place.<\/p>\n<p><strong>Services are provided on request.\u00a0<\/strong><\/p>\n<p><strong><\/strong><\/p>\n<p><a title=\"fishing restriction\" href=\"http:\/\/pump.regio.ee\/kalandus\/public\/\" target=\"_blank\" rel=\"noopener noreferrer\">Fishing restrictions<\/a><\/p>\n<p>&nbsp;<\/p>\n<p>[\/et_pb_text][\/et_pb_column][et_pb_column type=&#8221;1_2&#8243; _builder_version=&#8221;4.16&#8243; custom_padding=&#8221;|||&#8221; global_colors_info=&#8221;{}&#8221; custom_padding__hover=&#8221;|||&#8221;][et_pb_image src=&#8221;https:\/\/kiviranna.ee\/wp-content\/uploads\/2012\/09\/Kalepurjekas.jpg&#8221; title_text=&#8221;Kalepurjekas&#8221; _builder_version=&#8221;4.16&#8243; _module_preset=&#8221;default&#8221; global_colors_info=&#8221;{}&#8221;][\/et_pb_image][\/et_pb_column][\/et_pb_row][\/et_pb_section][et_pb_section fb_built=&#8221;1&#8243; admin_label=&#8221;section&#8221; _builder_version=&#8221;4.16&#8243; custom_padding=&#8221;60px||60px||true|false&#8221; global_colors_info=&#8221;{}&#8221;][et_pb_row make_equal=&#8221;on&#8221; admin_label=&#8221;row&#8221; _builder_version=&#8221;4.16&#8243; background_size=&#8221;initial&#8221; background_position=&#8221;top_left&#8221; background_repeat=&#8221;repeat&#8221; max_width=&#8221;1100px&#8221; module_alignment=&#8221;center&#8221; global_colors_info=&#8221;{}&#8221;][et_pb_column type=&#8221;4_4&#8243; _builder_version=&#8221;4.16&#8243; background_color=&#8221;#e1dfcc&#8221; custom_padding=&#8221;|||&#8221; global_colors_info=&#8221;{}&#8221; custom_padding__hover=&#8221;|||&#8221;][et_pb_image src=&#8221;https:\/\/kiviranna.ee\/wp-content\/uploads\/2012\/09\/DSC08300.jpg&#8221; title_text=&#8221;DSC08300&#8243; show_bottom_space=&#8221;off&#8221; _builder_version=&#8221;4.16&#8243; _module_preset=&#8221;default&#8221; global_colors_info=&#8221;{}&#8221;][\/et_pb_image][et_pb_text _builder_version=&#8221;4.16&#8243; background_color=&#8221;#e1dfcc&#8221; background_size=&#8221;initial&#8221; background_position=&#8221;top_left&#8221; background_repeat=&#8221;repeat&#8221; custom_padding=&#8221;30px|30px|30px|30px|true|true&#8221; use_border_color=&#8221;off&#8221; border_color=&#8221;#ffffff&#8221; border_style=&#8221;solid&#8221; global_colors_info=&#8221;{}&#8221;]<\/p>\n<h3 style=\"text-align: center;\">Rent of motor boats<\/h3>\n<p style=\"text-align: center;\">Cursus 440 &#8211; 65 \u20ac\/per day <span>or 20 \u20ac\/hour\u00a0<\/span>+ fuel<\/p>\n<p style=\"text-align: center;\">Progress 4 &#8211; 65 \u20ac\/per day or <span>20 \u20ac\/hour +<\/span>\u00a0fuel\u00a0<\/p>\n<p style=\"text-align: center;\">life vests included<\/p>\n<p>[\/et_pb_text][\/et_pb_column][\/et_pb_row][\/et_pb_section]<\/p>\n","protected":false},"excerpt":{"rendered":"<p>Traditional sailing boat &#8220;kale&#8221; 175 EUR per hour + VAT, takes 12 people on board. Tour includes an overview of the traditional boat and its history. Extra fees for guide, catering (for example eel soup or other fish food) or\u00a0transport from and to Your accommodation place. Services are provided on request.\u00a0 Fishing restrictions &nbsp;Rent of [&hellip;]<\/p>\n","protected":false},"author":2,"featured_media":321,"parent":0,"menu_order":0,"comment_status":"open","ping_status":"open","template":"","meta":{"_et_pb_use_builder":"on","_et_pb_old_content":"<strong>Hea k\u00fclastaja!<\/strong>\r\n\r\nKiviranna\u00a0puhkemaja pakub j\u00e4rgmisi vees\u00f5idualuseid V\u00f5rtsj\u00e4rvel s\u00f5itmiseks:\r\n<ul>\r\n\t<li><strong>Kalepurjekas\u00f5idud V\u00f5rtsj\u00e4rvel: 125 EUR\/h + km,<\/strong>\u00a0pardale mahub 12 in.<\/li>\r\n<\/ul>\r\nSisaldab: l\u00f5busat purjetamist grupi poolt m\u00e4\u00e4ratud v\u00f5i kapteni poolt soovitatud V\u00f5rtsj\u00e4rve kaunitesse paikadesse, l\u00fchiloengut kalepaadist\u00a0ja selle ajaloost.\r\nLisatasu eest: giiditeenus, toitlustus, transport hotellidest Tartust v\u00f5i Viljandist v\u00f5i kohalikust \u00f6\u00f6bimiskohast.\r\nKaasa v\u00f5tta: hea tuju ja ilmale vastav riietus.\r\nKestvus: kokkuleppe alusel.\r\nToimumisaeg: broneerimise alusel.\r\nAlguspunkt: kokkulepitud V\u00f5rtsj\u00e4rve laevatatav punkt.\r\n\r\n<a href=\"http:\/\/kiviranna.ee\/wp-content\/uploads\/2012\/09\/Kalepurjekas.jpg\"><img class=\"alignnone  wp-image-323\" title=\"Kalepurjekas\" src=\"http:\/\/kiviranna.ee\/wp-content\/uploads\/2012\/09\/Kalepurjekas-300x225.jpg\" alt=\"\" width=\"287\" height=\"202\" \/><\/a>\r\n<ul>\r\n\t<li><strong>Aerupaatide ja kanuude rentimine:<\/strong> 5 EUR \/h. Sisaldab aerusid\/m\u00f5lasid ja p\u00e4\u00e4steveste.<\/li>\r\n<\/ul>\r\n\u00a0\r\n<ul>\r\n\t<li><strong>Mootorpaadi rent: 4<\/strong>5 EUR p\u00e4ev v\u00f5i 15 EUR\/h\u00a0+ bensiin. \u00a0Cursus 440 \u00a0v\u00f5i Wigri 355 (Honda 10 hj\/4 takti). M\u00f5lemad paadid mahutavad 4 inimest, p\u00e4\u00e4stevestid hinnas.<\/li>\r\n<\/ul>\r\n<a href=\"http:\/\/kiviranna.ee\/wp-content\/uploads\/2012\/09\/CAM00188.jpg\"><img class=\"alignleft  wp-image-675\" title=\"Cursus 440\" src=\"http:\/\/kiviranna.ee\/wp-content\/uploads\/2012\/09\/CAM00188-225x300.jpg\" alt=\"aeru- ja mootorpaat\" width=\"225\" height=\"238\" \/><\/a>\r\n\r\n\u00a0\r\n\r\n\u00a0\r\n\r\n\u00a0\r\n\r\n\u00a0\r\n\r\n\u00a0\r\n\r\n\u00a0\r\n\r\n\u00a0\r\n<div><\/div>\r\n<div><\/div>\r\n<ul>\r\n\t<li><strong>Kaater \"Terra Mariana\" koos kapteniga: 5<\/strong>0 EUR\/h; 20 EUR\/ootetund. Mahutavus 5-6 inimest.<\/li>\r\n<\/ul>\r\n<a href=\"http:\/\/kiviranna.ee\/wp-content\/uploads\/2012\/09\/IMGP8519.jpg\"><img class=\"alignnone  wp-image-456\" title=\"Terra Mariana\" src=\"http:\/\/kiviranna.ee\/wp-content\/uploads\/2012\/09\/IMGP8519-300x225.jpg\" alt=\"\" width=\"286\" height=\"198\" \/><\/a>\r\n\r\n\u00a0\r\n\r\n\u00a0","_et_gb_content_width":"","om_disable_all_campaigns":false,"_monsterinsights_skip_tracking":false,"_monsterinsights_sitenote_active":false,"_monsterinsights_sitenote_note":"","_monsterinsights_sitenote_category":0,"footnotes":""},"class_list":["post-344","page","type-page","status-publish","has-post-thumbnail","hentry"],"aioseo_notices":[],"publishpress_future_action":{"enabled":false,"date":"2026-04-16 22:32:47","action":"change-status","newStatus":"draft","terms":[],"taxonomy":"translation_priority","extraData":[]},"publishpress_future_workflow_manual_trigger":{"enabledWorkflows":[]},"_links":{"self":[{"href":"https:\/\/kiviranna.ee\/en\/wp-json\/wp\/v2\/pages\/344","targetHints":{"allow":["GET"]}}],"collection":[{"href":"https:\/\/kiviranna.ee\/en\/wp-json\/wp\/v2\/pages"}],"about":[{"href":"https:\/\/kiviranna.ee\/en\/wp-json\/wp\/v2\/types\/page"}],"author":[{"embeddable":true,"href":"https:\/\/kiviranna.ee\/en\/wp-json\/wp\/v2\/users\/2"}],"replies":[{"embeddable":true,"href":"https:\/\/kiviranna.ee\/en\/wp-json\/wp\/v2\/comments?post=344"}],"version-history":[{"count":5,"href":"https:\/\/kiviranna.ee\/en\/wp-json\/wp\/v2\/pages\/344\/revisions"}],"predecessor-version":[{"id":11581,"href":"https:\/\/kiviranna.ee\/en\/wp-json\/wp\/v2\/pages\/344\/revisions\/11581"}],"wp:featuredmedia":[{"embeddable":true,"href":"https:\/\/kiviranna.ee\/en\/wp-json\/wp\/v2\/media\/321"}],"wp:attachment":[{"href":"https:\/\/kiviranna.ee\/en\/wp-json\/wp\/v2\/media?parent=344"}],"curies":[{"name":"wp","href":"https:\/\/api.w.org\/{rel}","templated":true}]}}