{"id":343,"date":"2012-09-12T08:55:18","date_gmt":"2012-09-12T08:55:18","guid":{"rendered":"http:\/\/kiviranna.ee\/holiday-packages\/"},"modified":"2020-11-17T13:23:38","modified_gmt":"2020-11-17T11:23:38","slug":"holiday-packages","status":"publish","type":"page","link":"https:\/\/kiviranna.ee\/en\/holiday-packages\/","title":{"rendered":"Holiday packages"},"content":{"rendered":"<p>[et_pb_section fb_built=&#8221;1&#8243; admin_label=&#8221;section&#8221; _builder_version=&#8221;4.6.6&#8243; background_color=&#8221;#e1dfcc&#8221; background_image=&#8221;https:\/\/kiviranna.ee\/wp-content\/uploads\/2020\/11\/bg-kivid.png&#8221; background_size=&#8221;initial&#8221; background_position=&#8221;bottom_left&#8221; custom_padding=&#8221;60px||60px||true|false&#8221;][et_pb_row admin_label=&#8221;row&#8221; _builder_version=&#8221;4.6.6&#8243; background_size=&#8221;initial&#8221; background_position=&#8221;top_left&#8221; background_repeat=&#8221;repeat&#8221; max_width=&#8221;1100px&#8221; custom_padding=&#8221;||30px||false|false&#8221;][et_pb_column type=&#8221;4_4&#8243; _builder_version=&#8221;3.25&#8243; custom_padding=&#8221;|||&#8221; custom_padding__hover=&#8221;|||&#8221;][et_pb_post_title meta=&#8221;off&#8221; featured_image=&#8221;off&#8221; module_class=&#8221;pealkiri_&#8221; _builder_version=&#8221;4.6.6&#8243; title_text_color=&#8221;#801c1c&#8221; background_color=&#8221;rgba(255,255,255,0)&#8221; parallax=&#8221;on&#8221; parallax_effect=&#8221;on&#8221; module_bg_color=&#8221;rgba(255,255,255,0)&#8221; use_border_color=&#8221;off&#8221; border_color=&#8221;#ffffff&#8221; border_style=&#8221;solid&#8221;]<br \/>\n[\/et_pb_post_title][\/et_pb_column][\/et_pb_row][et_pb_row column_structure=&#8221;1_2,1_2&#8243; admin_label=&#8221;row&#8221; _builder_version=&#8221;4.6.6&#8243; background_size=&#8221;initial&#8221; background_position=&#8221;top_left&#8221; background_repeat=&#8221;repeat&#8221; max_width=&#8221;1100px&#8221;][et_pb_column type=&#8221;1_2&#8243; _builder_version=&#8221;3.25&#8243; custom_padding=&#8221;|||&#8221; custom_padding__hover=&#8221;|||&#8221;][et_pb_text _builder_version=&#8221;4.6.6&#8243; background_size=&#8221;initial&#8221; background_position=&#8221;top_left&#8221; background_repeat=&#8221;repeat&#8221; use_border_color=&#8221;off&#8221; border_color=&#8221;#ffffff&#8221; border_style=&#8221;solid&#8221;]<\/p>\n<p><strong>Dear visitor!<\/strong><\/p>\n<p>Kiviranna\u00a0team is happy to help You to organise Your holiday activities. You can find a lot of different opportunities for active recreation at lake V\u00f5rtsj\u00e4rv like fishing, tours to get familiar with culture or\u00a0history and take part in various creative activities and workshops.<\/p>\n<p>The following packages are worked out for\u00a0 You as an examples to take part in autumn, winter\u00a0or early spring period.<\/p>\n<p>Please contact us <a href=\"mailto:kiviranna@kiviranna.ee\">kiviranna@kiviranna.ee<\/a>\u00a0or call +37298561 and we will find for\u00a0You the best You need!<\/p>\n<p><a href=\"https:\/\/kiviranna.ee\/wp-content\/uploads\/2012\/09\/Vortsjarve-volud-sugistalvel.jpg\"><\/a><\/p>\n<p>[\/et_pb_text][\/et_pb_column][et_pb_column type=&#8221;1_2&#8243; _builder_version=&#8221;3.25&#8243; custom_padding=&#8221;|||&#8221; custom_padding__hover=&#8221;|||&#8221;][et_pb_image src=&#8221;https:\/\/kiviranna.ee\/wp-content\/uploads\/2019\/04\/IMG_9705v.jpg&#8221; title_text=&#8221;IMG_9705v&#8221; _builder_version=&#8221;4.6.6&#8243; _module_preset=&#8221;default&#8221;][\/et_pb_image][\/et_pb_column][\/et_pb_row][\/et_pb_section][et_pb_section fb_built=&#8221;1&#8243; admin_label=&#8221;section&#8221; _builder_version=&#8221;4.6.6&#8243; background_image=&#8221;https:\/\/kiviranna.ee\/wp-content\/uploads\/2020\/11\/bg-light.png&#8221; background_size=&#8221;initial&#8221; background_position=&#8221;bottom_right&#8221; custom_padding=&#8221;60px||60px||true|false&#8221;][et_pb_row column_structure=&#8221;1_3,1_3,1_3&#8243; make_equal=&#8221;on&#8221; admin_label=&#8221;row&#8221; _builder_version=&#8221;4.6.6&#8243; background_size=&#8221;initial&#8221; background_position=&#8221;top_left&#8221; background_repeat=&#8221;repeat&#8221; max_width=&#8221;1100px&#8221; custom_margin=&#8221;||30px||false|false&#8221;][et_pb_column type=&#8221;1_3&#8243; _builder_version=&#8221;4.6.6&#8243; background_color=&#8221;#e1dfcc&#8221; custom_padding=&#8221;30px|30px|30px|30px|true|true&#8221; custom_padding__hover=&#8221;|||&#8221;][et_pb_text _builder_version=&#8221;4.6.6&#8243; background_size=&#8221;initial&#8221; background_position=&#8221;top_left&#8221; background_repeat=&#8221;repeat&#8221; use_border_color=&#8221;off&#8221; border_color=&#8221;#ffffff&#8221; border_style=&#8221;solid&#8221;]<\/p>\n<h3 style=\"text-align: center;\">Fishing in the river EMAJ\u00d5GI with trap nets<\/h3>\n<p style=\"text-align: center;\">3 days<\/p>\n<p style=\"text-align: center;\">During the spring and autumn seasons from March\u00a020\u00a0to April 30 and from September 5 to \u00a0November 5.<\/p>\n<p>[\/et_pb_text][et_pb_button button_url=&#8221;https:\/\/kiviranna.ee\/wp-content\/uploads\/2020\/11\/Trap_nets_ENG.pdf&#8221; url_new_window=&#8221;on&#8221; button_text=&#8221;View the package&#8221; button_alignment=&#8221;center&#8221; _builder_version=&#8221;4.6.6&#8243; _module_preset=&#8221;default&#8221; custom_button=&#8221;on&#8221; button_text_size=&#8221;16px&#8221; button_text_color=&#8221;#801c1c&#8221; button_border_width=&#8221;2px&#8221; button_border_radius=&#8221;0px&#8221; button_font=&#8221;||on||||||&#8221; button_use_icon=&#8221;off&#8221; hover_enabled=&#8221;0&#8243; button_text_color__hover_enabled=&#8221;on|hover&#8221; button_text_color__hover=&#8221;#e1dfcc&#8221; button_bg_color__hover_enabled=&#8221;on|hover&#8221; button_bg_color__hover=&#8221;#801c1c&#8221; button_bg_enable_color__hover=&#8221;on&#8221; sticky_enabled=&#8221;0&#8243;][\/et_pb_button][\/et_pb_column][et_pb_column type=&#8221;1_3&#8243; _builder_version=&#8221;3.25&#8243; background_color=&#8221;#e1dfcc&#8221; custom_padding=&#8221;30px|30px|30px|30px|true|true&#8221; custom_padding__hover=&#8221;|||&#8221;][et_pb_text _builder_version=&#8221;4.6.6&#8243; background_size=&#8221;initial&#8221; background_position=&#8221;top_left&#8221; background_repeat=&#8221;repeat&#8221; use_border_color=&#8221;off&#8221; border_color=&#8221;#ffffff&#8221; border_style=&#8221;solid&#8221;]<\/p>\n<h3 style=\"text-align: center;\">ICY LAKE V\u00d5RTSJ\u00c4RV!<\/h3>\n<p style=\"text-align: center;\">2 days<\/p>\n<p style=\"text-align: center;\">From December to March<\/p>\n<p style=\"text-align: center;\">NB! Fish catch under ice depends on ice conditions.<\/p>\n<p>[\/et_pb_text][et_pb_button button_url=&#8221;https:\/\/kiviranna.ee\/wp-content\/uploads\/2020\/11\/Icy_lake_ENG.pdf&#8221; url_new_window=&#8221;on&#8221; button_text=&#8221;View the package&#8221; button_alignment=&#8221;center&#8221; _builder_version=&#8221;4.6.6&#8243; _module_preset=&#8221;default&#8221; custom_button=&#8221;on&#8221; button_text_size=&#8221;16px&#8221; button_text_color=&#8221;#801c1c&#8221; button_border_width=&#8221;2px&#8221; button_border_radius=&#8221;0px&#8221; button_font=&#8221;||on||||||&#8221; button_use_icon=&#8221;off&#8221; hover_enabled=&#8221;0&#8243; button_text_color__hover_enabled=&#8221;on|hover&#8221; button_text_color__hover=&#8221;#e1dfcc&#8221; button_bg_color__hover_enabled=&#8221;on|hover&#8221; button_bg_color__hover=&#8221;#801c1c&#8221; button_bg_enable_color__hover=&#8221;on&#8221; sticky_enabled=&#8221;0&#8243;][\/et_pb_button][\/et_pb_column][et_pb_column type=&#8221;1_3&#8243; _builder_version=&#8221;3.25&#8243; background_color=&#8221;#e1dfcc&#8221; custom_padding=&#8221;30px|30px|30px|30px|true|true&#8221; custom_padding__hover=&#8221;|||&#8221;][et_pb_text _builder_version=&#8221;4.6.6&#8243; background_size=&#8221;initial&#8221; background_position=&#8221;top_left&#8221; background_repeat=&#8221;repeat&#8221; use_border_color=&#8221;off&#8221; border_color=&#8221;#ffffff&#8221; border_style=&#8221;solid&#8221;]<\/p>\n<h3 style=\"text-align: center;\">COMPANY DAYS WITH\u00a0BRAINSTORMING<\/h3>\n<p style=\"text-align: center;\">2 days<\/p>\n<p style=\"text-align: center;\">During September -October and \u00a0April-May.<\/p>\n<p>[\/et_pb_text][et_pb_button button_url=&#8221;https:\/\/kiviranna.ee\/wp-content\/uploads\/2020\/11\/For_companies_ENG.pdf&#8221; url_new_window=&#8221;on&#8221; button_text=&#8221;View the package&#8221; button_alignment=&#8221;center&#8221; _builder_version=&#8221;4.6.6&#8243; _module_preset=&#8221;default&#8221; custom_button=&#8221;on&#8221; button_text_size=&#8221;16px&#8221; button_text_color=&#8221;#801c1c&#8221; button_border_width=&#8221;2px&#8221; button_border_radius=&#8221;0px&#8221; button_font=&#8221;||on||||||&#8221; button_use_icon=&#8221;off&#8221; hover_enabled=&#8221;0&#8243; button_text_color__hover_enabled=&#8221;on|hover&#8221; button_text_color__hover=&#8221;#e1dfcc&#8221; button_bg_color__hover_enabled=&#8221;on|hover&#8221; button_bg_color__hover=&#8221;#801c1c&#8221; button_bg_enable_color__hover=&#8221;on&#8221; sticky_enabled=&#8221;0&#8243;][\/et_pb_button][\/et_pb_column][\/et_pb_row][et_pb_row admin_label=&#8221;row&#8221; _builder_version=&#8221;4.6.6&#8243; background_color=&#8221;#e1dfcc&#8221; background_size=&#8221;initial&#8221; background_position=&#8221;top_left&#8221; background_repeat=&#8221;repeat&#8221; max_width=&#8221;1100px&#8221; custom_padding=&#8221;30px|30px|30px|30px|true|true&#8221;][et_pb_column type=&#8221;4_4&#8243; _builder_version=&#8221;3.25&#8243; custom_padding=&#8221;|||&#8221; custom_padding__hover=&#8221;|||&#8221;][et_pb_text _builder_version=&#8221;4.6.6&#8243; background_size=&#8221;initial&#8221; background_position=&#8221;top_left&#8221; background_repeat=&#8221;repeat&#8221; hover_enabled=&#8221;0&#8243; use_border_color=&#8221;off&#8221; border_color=&#8221;#ffffff&#8221; border_style=&#8221;solid&#8221; sticky_enabled=&#8221;0&#8243;]<\/p>\n<h3>THE CHARMS OF LAKE V\u00d5RTSJ\u00c4RV<\/h3>\n<p>3-day package for 8 includes:<\/p>\n<p><strong>First day:<\/strong> The group (max 6\u20138 people) arrives at Kiviranna holiday house in the evening and is welcomed by a hot sauna and a relaxing environment.<strong>\u00a0<\/strong><\/p>\n<p><strong>Second day:<\/strong> Tour of the east coast of Lake V\u00f5rtsj\u00e4rv. Transport and tour guide by Kiviranna O\u00dc.<\/p>\n<p style=\"padding-left: 30px;\">Tamme outcrop and a short walk. The up to 8-metre-high red sandstone outcrop of Aruk\u00fcla from the Middle Devonian ages is an important locality for rare fossils.<\/p>\n<p style=\"padding-left: 30px;\">Visit to a local fishing family, tasting fish dishes. In Konnak\u00fcla we will find the Viisikandle workshop and a local Estonian zither maker. He will teach the participants to play the Estonian zither and they will find out what a\u00a0<em>kitannel<\/em>\u00a0is.<\/p>\n<p style=\"padding-left: 30px;\">Coffee break, local wine tasting. Free time in the evening.<\/p>\n<p><strong>Third day:<\/strong> Lake V\u00f5rtsj\u00e4rv Visitor Centre in J\u00f5esuu, introduction to local\u00a0 nature and culture, watchtower, possibility to purchase local handicraft. Visit to Meleski glass museum.<\/p>\n<p><em><br \/> <em>Contact:<\/em> <a href=\"mailto:kiviranna@kiviranna.ee\"><span>kiviranna@kiviranna.ee<\/span><\/a><\/em><\/p>\n<p>[\/et_pb_text][\/et_pb_column][\/et_pb_row][\/et_pb_section]<\/p>\n","protected":false},"excerpt":{"rendered":"<p>Dear visitor! Kiviranna\u00a0team is happy to help You to organise Your holiday activities. You can find a lot of different opportunities for active recreation at lake V\u00f5rtsj\u00e4rv like fishing, tours to get familiar with culture or\u00a0history and take part in various creative activities and workshops. The following packages are worked out for\u00a0 You as an [&hellip;]<\/p>\n","protected":false},"author":2,"featured_media":651,"parent":0,"menu_order":0,"comment_status":"open","ping_status":"open","template":"","meta":{"_et_pb_use_builder":"on","_et_pb_old_content":"<p align=\"LEFT\"><strong>Hea k\u00fclastaja!<\/strong><\/p><p align=\"LEFT\">Kiviranna puhkemajal on hea meel\u00a0Teie puhkuse planeerimisele kaasa aidata. V\u00f5rtsj\u00e4rve \u00e4\u00e4res leiab palju\u00a0erinevaid v\u00f5imalusi aktiivseks puhkuseks -\u00a0kalastamiseks, kultuuri v\u00f5i ajaloo tundma\u00f5ppimiseks v\u00f5i ka erinevatest loovtegevustest osav\u00f5tmiseks.<\/p><p align=\"LEFT\">Allj\u00e4rgnevalt pakume Teile juba valmis puhkusepakette saabuvaks s\u00fcgis-talveks ja j\u00e4rgmise aasta varakevadeks.<\/p><p align=\"LEFT\">V\u00f5tke \u00fchendust <a href=\"mailto:jaanika@vortsjarv.ee\">jaanika@vortsjarv.ee<\/a> v\u00f5i helistage +37 252 98561 ning leiame Teile parima paketi!<\/p><p>\u00a0<\/p><p><strong><span style=\"font-size: small;\">M\u00f5rrap\u00fc\u00fck Emaj\u00f5el!<\/span><\/strong><span style=\"font-size: small;\"> (3-p\u00e4evane, toodet pakutakse kevad- ja s\u00fcgishooajal 20. m\u00e4rtsist 30. aprillini ning 5. septembrist 5. novembrini). Tutvu l\u00e4hemalt paketiga\u00a0<a title=\"m\u00f5rrap\u00fc\u00fck Emaj\u00f5el\" href=\"http:\/\/kiviranna.ee\/wp-content\/uploads\/2012\/09\/M\u00f5rrap\u00fc\u00fck-Emaj\u00f5el.pdf\" target=\"_blank\">M\u00f5rrap\u00fc\u00fck Emaj\u00f5el\u00a0<\/a><\/span><\/p><p><strong>J\u00e4ine V\u00f5rtsj\u00e4rv! <\/strong>(2-p\u00e4evane, toodet pakutakse talvehooajal, detsember \u2013 m\u00e4rts, NB! j\u00e4\u00e4alune p\u00fc\u00fck s\u00f5ltub j\u00e4\u00e4oludest). Tutvu l\u00e4hemalt paketiga <a title=\"J\u00e4\u00e4alune kalap\u00fc\u00fck\" href=\"http:\/\/kiviranna.ee\/wp-content\/uploads\/2014\/04\/J\u00e4ine-V\u00f5rtsj\u00e4rv.pdf\" target=\"_blank\">J\u00e4ine V\u00f5rtsj\u00e4rv<\/a><\/p><p><strong>Firma s\u00fcgisp\u00e4evad koos ajur\u00fcnnakuga <\/strong>(2-p\u00e4evane, toodet pakutakse ajavahemikul september -oktoober ja \u00a0aprill-mai). Tutvu l\u00e4hemalt paketiga <a title=\"Firmadele\" href=\"http:\/\/kiviranna.ee\/wp-content\/uploads\/2012\/09\/Firma-s\u00fcgisp\u00e4evad.pdf\" target=\"_blank\">Firma s\u00fcgisp\u00e4evad<\/a><\/p><p><strong>V\u00f5rtsj\u00e4rve v\u00f5lud s\u00fcgis-talvel<\/strong> (3-p\u00e4evane, toodet pakutakse ajavahemikul november\u00a0 \u2013 m\u00e4rts). Tutvu l\u00e4hemalt <a title=\"puhkus\" href=\"http:\/\/kiviranna.ee\/wp-content\/uploads\/2014\/04\/S\u00fcgis-talvine-V\u00f5rtsj\u00e4rv.pdf\" target=\"_blank\">s\u00fcgis-talvise paketiga<\/a><\/p><p><strong>Sooduspakkumine<\/strong> -30% majutuselt kehtib ajavahemikus 20.01 - 30.04.<\/p>","_et_gb_content_width":"","om_disable_all_campaigns":false,"_monsterinsights_skip_tracking":false,"_monsterinsights_sitenote_active":false,"_monsterinsights_sitenote_note":"","_monsterinsights_sitenote_category":0,"footnotes":""},"class_list":["post-343","page","type-page","status-publish","has-post-thumbnail","hentry"],"aioseo_notices":[],"publishpress_future_action":{"enabled":false,"date":"2026-04-16 07:40:40","action":"change-status","newStatus":"draft","terms":[],"taxonomy":"translation_priority","extraData":[]},"publishpress_future_workflow_manual_trigger":{"enabledWorkflows":[]},"_links":{"self":[{"href":"https:\/\/kiviranna.ee\/en\/wp-json\/wp\/v2\/pages\/343","targetHints":{"allow":["GET"]}}],"collection":[{"href":"https:\/\/kiviranna.ee\/en\/wp-json\/wp\/v2\/pages"}],"about":[{"href":"https:\/\/kiviranna.ee\/en\/wp-json\/wp\/v2\/types\/page"}],"author":[{"embeddable":true,"href":"https:\/\/kiviranna.ee\/en\/wp-json\/wp\/v2\/users\/2"}],"replies":[{"embeddable":true,"href":"https:\/\/kiviranna.ee\/en\/wp-json\/wp\/v2\/comments?post=343"}],"version-history":[{"count":5,"href":"https:\/\/kiviranna.ee\/en\/wp-json\/wp\/v2\/pages\/343\/revisions"}],"predecessor-version":[{"id":3433,"href":"https:\/\/kiviranna.ee\/en\/wp-json\/wp\/v2\/pages\/343\/revisions\/3433"}],"wp:featuredmedia":[{"embeddable":true,"href":"https:\/\/kiviranna.ee\/en\/wp-json\/wp\/v2\/media\/651"}],"wp:attachment":[{"href":"https:\/\/kiviranna.ee\/en\/wp-json\/wp\/v2\/media?parent=343"}],"curies":[{"name":"wp","href":"https:\/\/api.w.org\/{rel}","templated":true}]}}