{"id":1323,"date":"2017-01-08T09:46:25","date_gmt":"2017-01-08T09:46:25","guid":{"rendered":"http:\/\/kiviranna.ee\/?page_id=1323\/"},"modified":"2022-09-14T13:16:17","modified_gmt":"2022-09-14T11:16:17","slug":"kiviranna-holiday-home","status":"publish","type":"page","link":"https:\/\/kiviranna.ee\/en\/kiviranna-holiday-home\/","title":{"rendered":"Kiviranna Holiday Home"},"content":{"rendered":"<p>[et_pb_section fb_built=&#8221;1&#8243; _builder_version=&#8221;4.16&#8243; _module_preset=&#8221;default&#8221; background_color=&#8221;#e1dfcc&#8221; background_image=&#8221;https:\/\/kiviranna.ee\/wp-content\/uploads\/2020\/11\/bg-all.png&#8221; background_size=&#8221;initial&#8221; background_position=&#8221;bottom_right&#8221; custom_padding=&#8221;60px||60px||true|false&#8221; global_colors_info=&#8221;{}&#8221;][et_pb_row column_structure=&#8221;1_2,1_2&#8243; _builder_version=&#8221;4.16&#8243; _module_preset=&#8221;default&#8221; max_width=&#8221;1100px&#8221; module_alignment=&#8221;center&#8221; global_colors_info=&#8221;{}&#8221;][et_pb_column type=&#8221;1_2&#8243; _builder_version=&#8221;4.16&#8243; _module_preset=&#8221;default&#8221; global_colors_info=&#8221;{}&#8221;][et_pb_post_title meta=&#8221;off&#8221; featured_image=&#8221;off&#8221; _builder_version=&#8221;4.16&#8243; _module_preset=&#8221;default&#8221; title_text_color=&#8221;#801c1c&#8221; global_colors_info=&#8221;{}&#8221;][\/et_pb_post_title][\/et_pb_column][et_pb_column type=&#8221;1_2&#8243; _builder_version=&#8221;4.16&#8243; _module_preset=&#8221;default&#8221; global_colors_info=&#8221;{}&#8221;][\/et_pb_column][\/et_pb_row][et_pb_row column_structure=&#8221;1_2,1_2&#8243; _builder_version=&#8221;4.16&#8243; _module_preset=&#8221;default&#8221; max_width=&#8221;1100px&#8221; module_alignment=&#8221;center&#8221; global_colors_info=&#8221;{}&#8221;][et_pb_column type=&#8221;1_2&#8243; _builder_version=&#8221;4.16&#8243; _module_preset=&#8221;default&#8221; global_colors_info=&#8221;{}&#8221;][et_pb_text _builder_version=&#8221;4.16&#8243; _module_preset=&#8221;default&#8221; global_colors_info=&#8221;{}&#8221;]<\/p>\n<p><strong>Welcome to Kiviranna Holiday Home!<\/strong><\/p>\n<p>Lake V\u00f5rtsj\u00e4rv which size is about 270 km2 (104,2 square miles) belongs to the Natura 2000 network and is an ornithology and a nature area of international importance. The lake and the shoreline area around it constitute lake V\u00f5rtsj\u00e4rv conservation area.<\/p>\n<p>Located right on the shore of the Lake V\u00f5rtsj\u00e4rv Kiviranna offers You the private and peaceful family holiday and an idyllic setting in one of the Lake V\u00f5rtsj\u00e4rv\u2019s most gloriously unspoilt areas. Breathtaking lake views, tranquil surroundings and wonderful lake tours are Yours to enjoy.<\/p>\n<p>Lake V\u00f5rtsj\u00e4rv Visitor Centre in the mouth of river Emaj\u00f5gi is within 5 minutes drive. Lake V\u00f5rtsj\u00e4rv as a Natura 2000 area offers the most exiting nature experiences for nature lovers.<\/p>\n<p>[\/et_pb_text][\/et_pb_column][et_pb_column type=&#8221;1_2&#8243; _builder_version=&#8221;4.16&#8243; _module_preset=&#8221;default&#8221; global_colors_info=&#8221;{}&#8221;][et_pb_image src=&#8221;https:\/\/kiviranna.ee\/wp-content\/uploads\/2019\/04\/DSC08188.jpg&#8221; title_text=&#8221;DSC08188&#8243; _builder_version=&#8221;4.16&#8243; _module_preset=&#8221;default&#8221; global_colors_info=&#8221;{}&#8221;][\/et_pb_image][\/et_pb_column][\/et_pb_row][\/et_pb_section][et_pb_section fb_built=&#8221;1&#8243; _builder_version=&#8221;4.16&#8243; _module_preset=&#8221;default&#8221; background_color=&#8221;#ffffff&#8221; custom_padding=&#8221;60px||60px||true|false&#8221; global_colors_info=&#8221;{}&#8221;][et_pb_row column_structure=&#8221;1_2,1_2&#8243; make_equal=&#8221;on&#8221; _builder_version=&#8221;4.16&#8243; _module_preset=&#8221;default&#8221; max_width=&#8221;1100px&#8221; module_alignment=&#8221;center&#8221; global_colors_info=&#8221;{}&#8221;][et_pb_column type=&#8221;1_2&#8243; _builder_version=&#8221;4.16&#8243; _module_preset=&#8221;default&#8221; background_color=&#8221;#e1dfcc&#8221; custom_padding=&#8221;30px|30px|30px|30px|true|true&#8221; global_colors_info=&#8221;{}&#8221;][et_pb_text _builder_version=&#8221;4.16&#8243; _module_preset=&#8221;default&#8221; global_colors_info=&#8221;{}&#8221;]<\/p>\n<h2>Accommodation\/services features summary<\/h2>\n<ul>\n<li>Self catering, catering<\/li>\n<li>Accommodation up to a maximum of 30 guests in three different Holiday Houses and in a luxurious lake view apartament<\/li>\n<li>Out-door swimming pool and coffee shop, frisby (disc-golf) route, boat rentals, hot-tub, volleyball<\/li>\n<li>2 ha size territory for campers, caravans and mobile homes<\/li>\n<\/ul>\n<h4>Close to Lake V\u00f5rtsj\u00e4rv Attractions<\/h4>\n<p>Kiviranna Holiday Home is a great base to explore the wonders of Lake V\u00f5rtsj\u00e4rv and you will find plenty of activities near by. Let us know Your preferences.<\/p>\n<ul>\n<li>There is a signed route around the lake for cyclists<\/li>\n<li>Fishing or fish products are available on site or close by for anglers<\/li>\n<li>Sightseeings, tours and much more are available<\/li>\n<\/ul>\n<p>[\/et_pb_text][et_pb_image src=&#8221;https:\/\/kiviranna.ee\/wp-content\/uploads\/2020\/11\/bg-small.png&#8221; title_text=&#8221;bg-small&#8221; _builder_version=&#8221;4.16&#8243; _module_preset=&#8221;default&#8221; global_colors_info=&#8221;{}&#8221;][\/et_pb_image][\/et_pb_column][et_pb_column type=&#8221;1_2&#8243; _builder_version=&#8221;4.16&#8243; _module_preset=&#8221;default&#8221; background_color=&#8221;#e1dfcc&#8221; custom_padding=&#8221;30px|30px|30px|30px|true|true&#8221; global_colors_info=&#8221;{}&#8221;][et_pb_text _builder_version=&#8221;4.16&#8243; _module_preset=&#8221;default&#8221; global_colors_info=&#8221;{}&#8221;]<\/p>\n<h2>Finding Kiviranna Holiday Home<\/h2>\n<p>Kiviranna Holiday Home is at Suure-Rakke village, Rannu community, Tartu county, Estonia 61113. Check out the <a href=\"\/contact\">map<\/a> for directions, use the controls to zoom in.<\/p>\n<h4>Access Guide<\/h4>\n<p>Kiviranna Holiday Home is located at the northeastern coast of the lake V\u00f5rtsj\u00e4rv, at the <strong>Tartu-Viljandi road no 92\u00a0<\/strong>near the lake (cadastral number: 66601: 002: 0141). Distances: 37 kilometers away from city center of Tartu, 39 km from the center of Viljandi town, 45 km from Otep\u00e4\u00e4 and 165 kilometers from the Tallinn.<\/p>\n<p>A good orientation are road signs with the name of Kiviranna puhkemaja and 34-kilometer traffic post.<\/p>\n<ul>\n<li><strong>Coming from Tartu<\/strong> follow the bus stop named Vanause, keep left, precisely opposite of the main Tartu-Viljandi road there is a small gravel road which runs parallel to the main road (do not drive to the farm yard!). Drive 300 m and there You are!<\/li>\n<li><strong>Coming from Viljandi,<\/strong> drive across the Great Emaj\u00f5gi bridge, drive 3 km and just next to 34-kilometers traffic post and before the Vanause bus stop, make a sharp turn to the right. Beware of the traffic! Precisely opposite of the main Tartu-Viljandi road there is a small gravel road which runs parallel to the main road. Do not drive to the farm yard! Drive 300 m and there You are!<\/li>\n<\/ul>\n<p>[\/et_pb_text][\/et_pb_column][\/et_pb_row][\/et_pb_section]<\/p>\n","protected":false},"excerpt":{"rendered":"<p>Welcome to Kiviranna Holiday Home! Lake V\u00f5rtsj\u00e4rv which size is about 270 km2 (104,2 square miles) belongs to the Natura 2000 network and is an ornithology and a nature area of international importance. The lake and the shoreline area around it constitute lake V\u00f5rtsj\u00e4rv conservation area. Located right on the shore of the Lake V\u00f5rtsj\u00e4rv [&hellip;]<\/p>\n","protected":false},"author":2,"featured_media":1478,"parent":0,"menu_order":0,"comment_status":"closed","ping_status":"closed","template":"","meta":{"_et_pb_use_builder":"on","_et_pb_old_content":"","_et_gb_content_width":"","om_disable_all_campaigns":false,"_monsterinsights_skip_tracking":false,"_monsterinsights_sitenote_active":false,"_monsterinsights_sitenote_note":"","_monsterinsights_sitenote_category":0,"footnotes":""},"class_list":["post-1323","page","type-page","status-publish","has-post-thumbnail","hentry"],"aioseo_notices":[],"publishpress_future_action":{"enabled":false,"date":"2026-04-17 22:12:31","action":"change-status","newStatus":"draft","terms":[],"taxonomy":"translation_priority","extraData":[]},"publishpress_future_workflow_manual_trigger":{"enabledWorkflows":[]},"_links":{"self":[{"href":"https:\/\/kiviranna.ee\/en\/wp-json\/wp\/v2\/pages\/1323","targetHints":{"allow":["GET"]}}],"collection":[{"href":"https:\/\/kiviranna.ee\/en\/wp-json\/wp\/v2\/pages"}],"about":[{"href":"https:\/\/kiviranna.ee\/en\/wp-json\/wp\/v2\/types\/page"}],"author":[{"embeddable":true,"href":"https:\/\/kiviranna.ee\/en\/wp-json\/wp\/v2\/users\/2"}],"replies":[{"embeddable":true,"href":"https:\/\/kiviranna.ee\/en\/wp-json\/wp\/v2\/comments?post=1323"}],"version-history":[{"count":5,"href":"https:\/\/kiviranna.ee\/en\/wp-json\/wp\/v2\/pages\/1323\/revisions"}],"predecessor-version":[{"id":5480,"href":"https:\/\/kiviranna.ee\/en\/wp-json\/wp\/v2\/pages\/1323\/revisions\/5480"}],"wp:featuredmedia":[{"embeddable":true,"href":"https:\/\/kiviranna.ee\/en\/wp-json\/wp\/v2\/media\/1478"}],"wp:attachment":[{"href":"https:\/\/kiviranna.ee\/en\/wp-json\/wp\/v2\/media?parent=1323"}],"curies":[{"name":"wp","href":"https:\/\/api.w.org\/{rel}","templated":true}]}}