{"id":125,"date":"2012-09-08T07:24:29","date_gmt":"2012-09-08T07:24:29","guid":{"rendered":"http:\/\/kiviranna.ee\/services\/"},"modified":"2012-09-18T12:08:59","modified_gmt":"2012-09-18T12:08:59","slug":"services-2","status":"publish","type":"page","link":"https:\/\/kiviranna.ee\/en\/services-2\/","title":{"rendered":"Services"},"content":{"rendered":"<table class=\"teenused\" style=\"border: none;\">\n<tbody>\n<tr>\n<td>\n<h4><a href=\"http:\/\/kiviranna.ee\/en\/cottage\/\"><img loading=\"lazy\" decoding=\"async\" class=\"alignnone  wp-image-210\" title=\"puhkemaja\" src=\"http:\/\/kiviranna.ee\/wp-content\/uploads\/2012\/06\/puhkemaja.png\" alt=\"\" width=\"79\" height=\"79\" srcset=\"https:\/\/kiviranna.ee\/wp-content\/uploads\/2012\/06\/puhkemaja.png 128w, https:\/\/kiviranna.ee\/wp-content\/uploads\/2012\/06\/puhkemaja-100x100.png 100w, https:\/\/kiviranna.ee\/wp-content\/uploads\/2012\/06\/puhkemaja-50x50.png 50w\" sizes=\"auto, (max-width: 79px) 100vw, 79px\" \/><\/a><\/h4>\n<\/td>\n<td>\n<h4><a title=\"Cottage\" href=\"http:\/\/kiviranna.ee\/en\/cottage\/\">Kiviranna cottage<\/a><\/h4>\n<p>Newly built\u00a0cottage right\u00a0at the shore of the lake\u00a0V\u00f5rtsj\u00e4rv.<\/td>\n<td>\n<h4><\/h4>\n<h4><a href=\"http:\/\/kiviranna.ee\/en\/holiday-packages\/\"><img loading=\"lazy\" decoding=\"async\" class=\"alignnone  wp-image-213\" title=\"puhkusepaketid\" src=\"http:\/\/kiviranna.ee\/wp-content\/uploads\/2012\/06\/puhkusepaketid.png\" alt=\"\" width=\"79\" height=\"79\" srcset=\"https:\/\/kiviranna.ee\/wp-content\/uploads\/2012\/06\/puhkusepaketid.png 128w, https:\/\/kiviranna.ee\/wp-content\/uploads\/2012\/06\/puhkusepaketid-100x100.png 100w, https:\/\/kiviranna.ee\/wp-content\/uploads\/2012\/06\/puhkusepaketid-50x50.png 50w\" sizes=\"auto, (max-width: 79px) 100vw, 79px\" \/><\/a><\/h4>\n<\/td>\n<td>\n<h4><a title=\"Holiday packages\" href=\"http:\/\/kiviranna.ee\/en\/holiday-packages\/\">Holiday packages<\/a><\/h4>\n<p>We offer packages from\u00a0company gatherings to ice fishing.<\/td>\n<td>\n<h4><a href=\"http:\/\/kiviranna.ee\/en\/fish-dishes\/\"><img loading=\"lazy\" decoding=\"async\" class=\"alignnone  wp-image-211\" title=\"kalaroad\" src=\"http:\/\/kiviranna.ee\/wp-content\/uploads\/2012\/06\/kalaroad.png\" alt=\"\" width=\"102\" height=\"102\" srcset=\"https:\/\/kiviranna.ee\/wp-content\/uploads\/2012\/06\/kalaroad.png 128w, https:\/\/kiviranna.ee\/wp-content\/uploads\/2012\/06\/kalaroad-100x100.png 100w, https:\/\/kiviranna.ee\/wp-content\/uploads\/2012\/06\/kalaroad-50x50.png 50w\" sizes=\"auto, (max-width: 102px) 100vw, 102px\" \/><\/a><\/h4>\n<\/td>\n<td>\n<h4><a title=\"Fish dishes\" href=\"http:\/\/kiviranna.ee\/en\/fish-dishes\/\">Fish dishes<\/a><\/h4>\n<p>Fish from lake\u00a0V\u00f5rtsj\u00e4rv and river Emaj\u00f5gi,\u00a0local fish dishes<\/td>\n<\/tr>\n<tr>\n<td>\n<h4><a href=\"http:\/\/kiviranna.ee\/en\/camping-and-caravans\/\"><img loading=\"lazy\" decoding=\"async\" class=\"alignnone  wp-image-215\" title=\"telkimine\" src=\"http:\/\/kiviranna.ee\/wp-content\/uploads\/2012\/06\/telkimine.png\" alt=\"\" width=\"102\" height=\"102\" srcset=\"https:\/\/kiviranna.ee\/wp-content\/uploads\/2012\/06\/telkimine.png 128w, https:\/\/kiviranna.ee\/wp-content\/uploads\/2012\/06\/telkimine-100x100.png 100w, https:\/\/kiviranna.ee\/wp-content\/uploads\/2012\/06\/telkimine-50x50.png 50w\" sizes=\"auto, (max-width: 102px) 100vw, 102px\" \/><\/a><\/h4>\n<\/td>\n<td>\n<h4><a title=\"Camping and caravans\" href=\"http:\/\/kiviranna.ee\/en\/camping-and-caravans\/\">Camping and caravans<\/a><\/h4>\n<p>Camping or caravan in a beautiful lakeside setting.<\/td>\n<td>\n<h4><a href=\"http:\/\/kiviranna.ee\/en\/sailing-trips-canoe-and-boat-trips\/\"><img loading=\"lazy\" decoding=\"async\" class=\"alignnone  wp-image-214\" title=\"purjekas\" src=\"http:\/\/kiviranna.ee\/wp-content\/uploads\/2012\/06\/purjekas.png\" alt=\"\" width=\"102\" height=\"102\" srcset=\"https:\/\/kiviranna.ee\/wp-content\/uploads\/2012\/06\/purjekas.png 128w, https:\/\/kiviranna.ee\/wp-content\/uploads\/2012\/06\/purjekas-100x100.png 100w, https:\/\/kiviranna.ee\/wp-content\/uploads\/2012\/06\/purjekas-50x50.png 50w\" sizes=\"auto, (max-width: 102px) 100vw, 102px\" \/><\/a><\/h4>\n<\/td>\n<td>\n<h4><a title=\"Sailing trips, canoe and boat trips\" href=\"http:\/\/kiviranna.ee\/en\/sailing-trips-canoe-and-boat-trips\/\">Sailing trips, canoe and boat trips<\/a><\/h4>\n<p>Combine Your holiday with water attractions<\/td>\n<td>\n<h4><a href=\"http:\/\/kiviranna.ee\/en\/guided-nature-tours\/\"><img loading=\"lazy\" decoding=\"async\" class=\"alignnone  wp-image-212\" title=\"loodusretked\" src=\"http:\/\/kiviranna.ee\/wp-content\/uploads\/2012\/06\/loodusretked.png\" alt=\"\" width=\"102\" height=\"102\" srcset=\"https:\/\/kiviranna.ee\/wp-content\/uploads\/2012\/06\/loodusretked.png 128w, https:\/\/kiviranna.ee\/wp-content\/uploads\/2012\/06\/loodusretked-100x100.png 100w, https:\/\/kiviranna.ee\/wp-content\/uploads\/2012\/06\/loodusretked-50x50.png 50w\" sizes=\"auto, (max-width: 102px) 100vw, 102px\" \/><\/a><\/h4>\n<\/td>\n<td>\n<h4><a title=\"Guided nature tours\" href=\"http:\/\/kiviranna.ee\/en\/guided-nature-tours\/\">Guided nature tours<\/a><\/h4>\n<p>Take a guided tour around the lake and explore the nature and fascinating sightseeings<\/td>\n<\/tr>\n<\/tbody>\n<\/table>\n<p>&nbsp;<\/p>\n","protected":false},"excerpt":{"rendered":"<p>Kiviranna cottage Newly built\u00a0cottage right\u00a0at the shore of the lake\u00a0V\u00f5rtsj\u00e4rv. Holiday packages We offer packages from\u00a0company gatherings to ice fishing. Fish dishes Fish from lake\u00a0V\u00f5rtsj\u00e4rv and river Emaj\u00f5gi,\u00a0local fish dishes Camping and caravans Camping or caravan in a beautiful lakeside setting. Sailing trips, canoe and boat trips Combine Your holiday with water attractions Guided nature [&hellip;]<\/p>\n","protected":false},"author":2,"featured_media":532,"parent":0,"menu_order":30,"comment_status":"open","ping_status":"open","template":"","meta":{"_et_pb_use_builder":"","_et_pb_old_content":"","_et_gb_content_width":"","om_disable_all_campaigns":false,"_monsterinsights_skip_tracking":false,"_monsterinsights_sitenote_active":false,"_monsterinsights_sitenote_note":"","_monsterinsights_sitenote_category":0,"footnotes":""},"class_list":["post-125","page","type-page","status-publish","has-post-thumbnail","hentry"],"aioseo_notices":[],"publishpress_future_action":{"enabled":false,"date":"2026-05-03 18:06:42","action":"change-status","newStatus":"draft","terms":[],"taxonomy":"translation_priority","extraData":[]},"publishpress_future_workflow_manual_trigger":{"enabledWorkflows":[]},"_links":{"self":[{"href":"https:\/\/kiviranna.ee\/en\/wp-json\/wp\/v2\/pages\/125","targetHints":{"allow":["GET"]}}],"collection":[{"href":"https:\/\/kiviranna.ee\/en\/wp-json\/wp\/v2\/pages"}],"about":[{"href":"https:\/\/kiviranna.ee\/en\/wp-json\/wp\/v2\/types\/page"}],"author":[{"embeddable":true,"href":"https:\/\/kiviranna.ee\/en\/wp-json\/wp\/v2\/users\/2"}],"replies":[{"embeddable":true,"href":"https:\/\/kiviranna.ee\/en\/wp-json\/wp\/v2\/comments?post=125"}],"version-history":[{"count":5,"href":"https:\/\/kiviranna.ee\/en\/wp-json\/wp\/v2\/pages\/125\/revisions"}],"predecessor-version":[{"id":141,"href":"https:\/\/kiviranna.ee\/en\/wp-json\/wp\/v2\/pages\/125\/revisions\/141"}],"wp:featuredmedia":[{"embeddable":true,"href":"https:\/\/kiviranna.ee\/en\/wp-json\/wp\/v2\/media\/532"}],"wp:attachment":[{"href":"https:\/\/kiviranna.ee\/en\/wp-json\/wp\/v2\/media?parent=125"}],"curies":[{"name":"wp","href":"https:\/\/api.w.org\/{rel}","templated":true}]}}