{"id":123,"date":"2012-08-07T08:41:04","date_gmt":"2012-08-07T08:41:04","guid":{"rendered":"http:\/\/kiviranna.ee\/bookings-and-terms\/"},"modified":"2020-11-16T17:26:11","modified_gmt":"2020-11-16T15:26:11","slug":"bookings-and-terms","status":"publish","type":"page","link":"https:\/\/kiviranna.ee\/en\/bookings-and-terms\/","title":{"rendered":"Bookings and terms"},"content":{"rendered":"<p>[et_pb_section fb_built=&#8221;1&#8243; _builder_version=&#8221;4.6.6&#8243; _module_preset=&#8221;default&#8221; custom_padding=&#8221;60px||60px||true|false&#8221; hover_enabled=&#8221;0&#8243; sticky_enabled=&#8221;0&#8243; background_color=&#8221;#e1dfcc&#8221; title_text=&#8221;bg-all&#8221; background_image=&#8221;https:\/\/kiviranna.ee\/wp-content\/uploads\/2020\/11\/bg-all.png&#8221; background_size=&#8221;initial&#8221; background_position=&#8221;bottom_right&#8221;][et_pb_row _builder_version=&#8221;4.6.6&#8243; _module_preset=&#8221;default&#8221; column_structure=&#8221;1_2,1_2&#8243; max_width=&#8221;1100px&#8221; hover_enabled=&#8221;0&#8243; sticky_enabled=&#8221;0&#8243;][et_pb_column _builder_version=&#8221;4.6.6&#8243; _module_preset=&#8221;default&#8221; type=&#8221;1_2&#8243;][et_pb_post_title _builder_version=&#8221;4.6.6&#8243; _module_preset=&#8221;default&#8221; title_text_color=&#8221;#801c1c&#8221; meta=&#8221;off&#8221; featured_image=&#8221;off&#8221; hover_enabled=&#8221;0&#8243; sticky_enabled=&#8221;0&#8243; custom_padding=&#8221;||30px||false|false&#8221; custom_margin=&#8221;||0px||false|false&#8221;][\/et_pb_post_title][et_pb_text _builder_version=&#8221;4.6.6&#8243; _module_preset=&#8221;default&#8221; hover_enabled=&#8221;0&#8243; sticky_enabled=&#8221;0&#8243;]<\/p>\n<p><strong>Please have a look at Kiviranna Holiday <a href=\"https:\/\/kiviranna.ee\/wp-content\/uploads\/2018\/08\/Rules-of-the-House.pdf\">Rules of the House<\/a><\/strong><\/p>\n<p>[\/et_pb_text][\/et_pb_column][et_pb_column _builder_version=&#8221;4.6.6&#8243; _module_preset=&#8221;default&#8221; type=&#8221;1_2&#8243;][\/et_pb_column][\/et_pb_row][\/et_pb_section][et_pb_section fb_built=&#8221;1&#8243; _builder_version=&#8221;4.6.6&#8243; _module_preset=&#8221;default&#8221; custom_padding=&#8221;60px||60px||true|false&#8221; hover_enabled=&#8221;0&#8243; sticky_enabled=&#8221;0&#8243;][et_pb_row _builder_version=&#8221;4.6.6&#8243; _module_preset=&#8221;default&#8221; column_structure=&#8221;1_2,1_2&#8243; max_width=&#8221;1100px&#8221; hover_enabled=&#8221;0&#8243; sticky_enabled=&#8221;0&#8243; make_equal=&#8221;on&#8221;][et_pb_column _builder_version=&#8221;4.6.6&#8243; _module_preset=&#8221;default&#8221; type=&#8221;1_2&#8243; custom_padding=&#8221;30px|30px|30px|30px|true|true&#8221; background_color=&#8221;#e1dfcc&#8221; hover_enabled=&#8221;0&#8243; sticky_enabled=&#8221;0&#8243;][et_pb_text _builder_version=&#8221;4.6.6&#8243; _module_preset=&#8221;default&#8221; hover_enabled=&#8221;0&#8243; sticky_enabled=&#8221;0&#8243; custom_padding=&#8221;20px|20px|20px|20px|true|true&#8221; border_width_all=&#8221;2px&#8221; border_color_all=&#8221;#d2d0bc&#8221;]<\/p>\n<h3>Bookings<\/h3>\n<p>Information and bookings by phone \u00a0(+ 372) 5298 561 or by e-mail: \u00a0kiviranna@kiviranna.ee<\/p>\n<p>We will book the entire cottage only for You. If you want to move around the area and to do and see something exciting, we suggest you to think about it in advance and to book also a nature tour or landscape game or traditional sailing boat tour. The situation may happen that we can`t guarantee Your desired tour while You are already at the spot.<\/p>\n<p>We would also like to ask You to book the food (if needed) at least 10 days prior to arrival. Local fish food is worth to try!<\/p>\n<p>Persons under 18 years of age would have to book and use cottage only together with adult supervision.<\/p>\n<p>In order to book the cottage, we kindly ask You to make 50% prepayment from the total services and responding invoice will be sent to Your contact e-mail. Booking will be confirmed after advanced payment has been received.<\/p>\n<p>If you have not paid the invoice due to date, we will unfortunately have to cancel your reservation.<\/p>\n<p>Advance payment is also the confirmation that you accept our booking conditions.<\/p>\n<p>[\/et_pb_text][\/et_pb_column][et_pb_column _builder_version=&#8221;4.6.6&#8243; _module_preset=&#8221;default&#8221; type=&#8221;1_2&#8243; custom_padding=&#8221;30px|30px|30px|30px|true|true&#8221; background_color=&#8221;#e1dfcc&#8221; hover_enabled=&#8221;0&#8243; sticky_enabled=&#8221;0&#8243; title_text=&#8221;bg-kivid&#8221; background_image=&#8221;https:\/\/kiviranna.ee\/wp-content\/uploads\/2020\/11\/bg-kivid.png&#8221; background_size=&#8221;initial&#8221; background_position=&#8221;bottom_center&#8221;][et_pb_text _builder_version=&#8221;4.6.6&#8243; _module_preset=&#8221;default&#8221; hover_enabled=&#8221;0&#8243; sticky_enabled=&#8221;0&#8243; border_width_all=&#8221;2px&#8221; border_color_all=&#8221;#d2d0bc&#8221; custom_padding=&#8221;20px|20px|20px|20px|true|true&#8221; background_color=&#8221;#e1dfcc&#8221;]<\/p>\n<h3>Booking modifications, cancellation and repayment arrangements<\/h3>\n<p>We can change reservations for you, if possible, by mutual agreement.<\/p>\n<p>To cancel a reservation, please let us know by time.<\/p>\n<p>Up to 30 days before the arrival date cancellations we will return 100% of Your advanced payment.<\/p>\n<p>Up to 15 days before the arrival date cancellations we will return 50% of Your advanced payment.<\/p>\n<p>Less than 15 days cancellations we will unfortunately not refund Your advanced payment.<\/p>\n<p>&nbsp;<\/p>\n<p>You are welcome to book also via <a title=\"Booking com\" href=\"http:\/\/www.booking.com\/hotel\/ee\/kiviranna-puhkemaja.en-gb.html?label=gen173nr-1DCAsoQkITa2l2aXJhbm5hLXB1aGtlbWFqYUgzYgVub3JlZmhCiAEBmAEuwgEDYWJuyAEM2AED6AEBqAIE;sid=629e082708d9690a900fb6ea8cbd340b;dcid=12;dist=0&amp;sb_price_type=total&amp;type=total&amp;\" target=\"_blank\" rel=\"noopener noreferrer\">Booking com\u00a0<\/a><\/p>\n<p>&nbsp;<\/p>\n<p>Welcome to this delightful spot at Lake V\u00f5rtsj\u00e4rv, Estonia!<\/p>\n<p>[\/et_pb_text][\/et_pb_column][\/et_pb_row][\/et_pb_section]<\/p>\n","protected":false},"excerpt":{"rendered":"<p>Please have a look at Kiviranna Holiday Rules of the House Bookings Information and bookings by phone \u00a0(+ 372) 5298 561 or by e-mail: \u00a0kiviranna@kiviranna.ee We will book the entire cottage only for You. If you want to move around the area and to do and see something exciting, we suggest you to think about [&hellip;]<\/p>\n","protected":false},"author":2,"featured_media":182,"parent":0,"menu_order":50,"comment_status":"open","ping_status":"open","template":"","meta":{"_et_pb_use_builder":"on","_et_pb_old_content":"<strong>Hea k\u00fclastaja!<\/strong>\n\n<strong>Tutvuge l\u00e4hemalt <a href=\"https:\/\/kiviranna.ee\/wp-content\/uploads\/2020\/05\/Kiviranna-puhkemaja-kodukord.pdf\" target=\"_blank\" rel=\"noopener noreferrer\">Kiviranna puhkemaja kodukord<\/a><\/strong>\n\n<strong>\n<\/strong><strong>Broneeringute tegemine<\/strong>\n\nInfo ja broneerimine telefonil (+ 372) 5298 561 v\u00f5i e-postile: \u00a0kiviranna@kiviranna.ee\n\nCheck-in alates kell 14.00, check out kell 12.00\n\nBroneerida saab tervet kompleksi. Kui on soov piirkonnas ringi liikuda ja midagi p\u00f5nevat ette v\u00f5tta, siis soovitame eelnevalt ka sellele m\u00f5elda ja broneerida kas m\u00f5ni loodusretk, maastikum\u00e4ng v\u00f5i kalepurjekas\u00f5it j\u00e4rvel. V\u00f5ib juhtuda, et kui kohapeal selline soov tekib, siis ei saa me neid teenuseid kindlalt tagada.\n\nToidusoovide osas palume Teil kokku leppida v\u00e4hemalt 10 p\u00e4eva enne saabumist. Toitlustame gruppe alates k\u00fcmnest inimesest.\n\nAlla 18-aastastel isikutel palume puhkemaja broneerida ja kasutada ainult koos t\u00e4iskasvanuga.\n\nBroneeringute puhul palume Teil teostada ettemaks.\n\nPeale broneeringu tegemist edastab O\u00dc Kiviranna Teile arve, milles on v\u00e4lja toodud broneeritud teenused. Ettemaksu summa on 50% arve maksumusest ning broneering hakkab kehtima peale ettemaksu laekumist.\n\nKui Te pole maksnud arvet makset\u00e4htajaks, siis kahjuks peame broneeringu t\u00fchistama.\n\nEttemaksu tasumine on \u00fchtlasi ka kinnitus, et Te n\u00f5ustute broneerimistingimustega.\n\n<strong>Broneeringute muutmise, t\u00fchistamise ja tagasimaksmise kord:<\/strong>\n<ul>\n \t<li>Broneeringuid saame muuta v\u00f5imaluse korral Teiega \u00fchisel kokkuleppel.<\/li>\n \t<li>Broneeringu t\u00fchistamisest palume Teil kindlasti ette teatada.<\/li>\n \t<li>Kuni 30 p\u00e4eva varem teatatud annulleerimise korral tagastame 100% ettemaksust.<\/li>\n \t<li>Kuni 15 p\u00e4eva varem teatatud annulleerimise korral tagastame 50% ettemaksust.<\/li>\n \t<li>V\u00e4hem kui 15 p\u00e4eva ette teatatud annulleerimise korral ettemaksu ei tagastata.<\/li>\n<\/ul>\nBroneeringuid on v\u00f5imalik teha ka <a title=\"Bookingcom\" href=\"http:\/\/www.booking.com\/hotel\/ee\/kiviranna-puhkemaja.en-gb.html?label=gen173nr-1DCAsoQkITa2l2aXJhbm5hLXB1aGtlbWFqYUgzYgVub3JlZmhCiAEBmAEuwgEDYWJuyAEM2AED6AEBqAIE;sid=629e082708d9690a900fb6ea8cbd340b;dcid=12;dist=0&amp;sb_price_type=total&amp;type=total&amp;\" target=\"_blank\" rel=\"noopener noreferrer\">Booking com s\u00fcsteemis<\/a>\u00a0v\u00f5i <a href=\"https:\/\/www.tripadvisor.com\/VacationRentalReview-g274959-d6562091-Kiviranna_Holiday_Home-Tartu_Tartu_County.html\">Trip Advisor<\/a>\u00a0s\u00fcsteemis.\n\nTere tulemast Kivirannale!","_et_gb_content_width":"","om_disable_all_campaigns":false,"_monsterinsights_skip_tracking":false,"_monsterinsights_sitenote_active":false,"_monsterinsights_sitenote_note":"","_monsterinsights_sitenote_category":0,"footnotes":""},"class_list":["post-123","page","type-page","status-publish","has-post-thumbnail","hentry"],"aioseo_notices":[],"publishpress_future_action":{"enabled":false,"date":"2026-04-30 11:00:40","action":"change-status","newStatus":"draft","terms":[],"taxonomy":"translation_priority","extraData":[]},"publishpress_future_workflow_manual_trigger":{"enabledWorkflows":[]},"_links":{"self":[{"href":"https:\/\/kiviranna.ee\/en\/wp-json\/wp\/v2\/pages\/123","targetHints":{"allow":["GET"]}}],"collection":[{"href":"https:\/\/kiviranna.ee\/en\/wp-json\/wp\/v2\/pages"}],"about":[{"href":"https:\/\/kiviranna.ee\/en\/wp-json\/wp\/v2\/types\/page"}],"author":[{"embeddable":true,"href":"https:\/\/kiviranna.ee\/en\/wp-json\/wp\/v2\/users\/2"}],"replies":[{"embeddable":true,"href":"https:\/\/kiviranna.ee\/en\/wp-json\/wp\/v2\/comments?post=123"}],"version-history":[{"count":5,"href":"https:\/\/kiviranna.ee\/en\/wp-json\/wp\/v2\/pages\/123\/revisions"}],"predecessor-version":[{"id":3375,"href":"https:\/\/kiviranna.ee\/en\/wp-json\/wp\/v2\/pages\/123\/revisions\/3375"}],"wp:featuredmedia":[{"embeddable":true,"href":"https:\/\/kiviranna.ee\/en\/wp-json\/wp\/v2\/media\/182"}],"wp:attachment":[{"href":"https:\/\/kiviranna.ee\/en\/wp-json\/wp\/v2\/media?parent=123"}],"curies":[{"name":"wp","href":"https:\/\/api.w.org\/{rel}","templated":true}]}}